{"id":7278,"date":"2023-01-09T10:14:08","date_gmt":"2023-01-09T13:14:08","guid":{"rendered":"https:\/\/demartino.cl\/?post_type=product&#038;p=7278"},"modified":"2025-12-09T11:34:00","modified_gmt":"2025-12-09T14:34:00","slug":"viejas-tinajas-blanco-itata-vino-anfora","status":"publish","type":"product","link":"https:\/\/demartino.cl\/en\/producto\/viejas-tinajas-blanco-itata-vino-anfora\/","title":{"rendered":"Viejas Tinajas Blanco"},"content":{"rendered":"","protected":false},"excerpt":{"rendered":"","protected":false},"featured_media":11514,"template":"","meta":{"_acf_changed":false},"product_brand":[],"product_cat":[66],"product_tag":[50,31],"class_list":{"0":"post-7278","1":"product","2":"type-product","3":"status-publish","4":"has-post-thumbnail","6":"product_cat-muscat","7":"product_tag-d-o-itata","8":"product_tag-viejas-tinajas","10":"first","11":"instock","12":"sale","13":"shipping-taxable","14":"purchasable","15":"product-type-simple"},"acf":{"categoria":"Muscat","titulo":"Viejas Tinajas Blanco","do":"D. O. Itata","descripcion":"<p class=\"titulo-ficha\" style=\"width: 100%; float: left;\">","ficha_tecnica":"<div class=\"elementor-element elementor-element-4f52878 elementor-widget elementor-widget-text-editor\" data-id=\"4f52878\" data-element_type=\"widget\" data-widget_type=\"text-editor.default\">\r\n<div class=\"elementor-widget-container\">\r\n<p class=\"titulo-ficha\">DESCRIPCI\u00d3N<\/p>\r\nFermentado en \u00e1nforas centenarias. Este Muscat, proveniente del Valle de Itata, es un vino patrimonial y de producci\u00f3n limitada. Arom\u00e1tico y de marcada personalidad.\r\n\r\n<\/div>\r\n<div><\/div>\r\n<div class=\"elementor-widget-container\">FICHA T\u00c9CNICA<\/div>\r\n<\/div>\r\n<div class=\"elementor-element elementor-element-5f7eae9 elementor-widget elementor-widget-text-editor\" data-id=\"5f7eae9\" data-element_type=\"widget\" data-widget_type=\"text-editor.default\">\r\n<div class=\"elementor-widget-container\">\r\n\r\n<strong>Variedad:<\/strong>\u00a0100% Muscat.\r\n<strong>Origen:<\/strong>\u00a0Guarilihue, Valle de Itata.\r\n<strong>Clima:<\/strong>\u00a0Costero, con marcada influencia del Oc\u00e9ano Pac\u00edfico.\r\n<strong>Suelo:<\/strong>\u00a0Granito, con presencia de cuarzo.\r\n<strong>Guarda:<\/strong>\u00a0Tinajas.\r\n\r\n<\/div>\r\n<\/div>","ficha_pdf":7279,"serie":"Itata Series"},"yoast_head":"<!-- This site is optimized with the Yoast SEO plugin v26.0 - https:\/\/yoast.com\/wordpress\/plugins\/seo\/ -->\n<title>Viejas Tinajas Blanco - De Martino<\/title>\n<meta name=\"description\" content=\"Fermentado en \u00e1nforas centenarias. Este Muscat, del Valle de Itata, es un vino patrimonial y de producci\u00f3n limitada. Arom\u00e1tico y de marcada personalidad\" \/>\n<meta name=\"robots\" content=\"index, follow, max-snippet:-1, max-image-preview:large, max-video-preview:-1\" \/>\n<link rel=\"canonical\" href=\"https:\/\/demartino.cl\/producto\/viejas-tinajas-blanco-itata-vino-anfora\/\" \/>\n<meta property=\"og:locale\" content=\"en_US\" \/>\n<meta property=\"og:type\" content=\"article\" \/>\n<meta property=\"og:title\" content=\"Viejas Tinajas Blanco - De Martino\" \/>\n<meta property=\"og:description\" content=\"Fermentado en \u00e1nforas centenarias. Este Muscat, del Valle de Itata, es un vino patrimonial y de producci\u00f3n limitada. Arom\u00e1tico y de marcada personalidad\" \/>\n<meta property=\"og:url\" content=\"https:\/\/demartino.cl\/producto\/viejas-tinajas-blanco-itata-vino-anfora\/\" \/>\n<meta property=\"og:site_name\" content=\"De Martino\" \/>\n<meta property=\"article:modified_time\" content=\"2025-12-09T14:34:00+00:00\" \/>\n<meta property=\"og:image\" content=\"https:\/\/demartino.cl\/wp-content\/uploads\/2023\/01\/De-Martino-Muscat-Viejas-Tinajas-Blanco-min.png\" \/>\n\t<meta property=\"og:image:width\" content=\"443\" \/>\n\t<meta property=\"og:image:height\" content=\"1200\" \/>\n\t<meta property=\"og:image:type\" content=\"image\/png\" \/>\n<meta name=\"twitter:card\" content=\"summary_large_image\" \/>\n<meta name=\"twitter:label1\" content=\"Est. reading time\" \/>\n\t<meta name=\"twitter:data1\" content=\"1 minute\" \/>\n<script type=\"application\/ld+json\" class=\"yoast-schema-graph\">{\"@context\":\"https:\/\/schema.org\",\"@graph\":[{\"@type\":\"WebPage\",\"@id\":\"https:\/\/demartino.cl\/producto\/viejas-tinajas-blanco-itata-vino-anfora\/\",\"url\":\"https:\/\/demartino.cl\/producto\/viejas-tinajas-blanco-itata-vino-anfora\/\",\"name\":\"Viejas Tinajas Blanco - De Martino\",\"isPartOf\":{\"@id\":\"https:\/\/demartino.cl\/en\/#website\"},\"primaryImageOfPage\":{\"@id\":\"https:\/\/demartino.cl\/producto\/viejas-tinajas-blanco-itata-vino-anfora\/#primaryimage\"},\"image\":{\"@id\":\"https:\/\/demartino.cl\/producto\/viejas-tinajas-blanco-itata-vino-anfora\/#primaryimage\"},\"thumbnailUrl\":\"https:\/\/demartino.cl\/wp-content\/uploads\/2023\/01\/De-Martino-Muscat-Viejas-Tinajas-Blanco-min.png\",\"datePublished\":\"2023-01-09T13:14:08+00:00\",\"dateModified\":\"2025-12-09T14:34:00+00:00\",\"description\":\"Fermentado en \u00e1nforas centenarias. Este Muscat, del Valle de Itata, es un vino patrimonial y de producci\u00f3n limitada. Arom\u00e1tico y de marcada personalidad\",\"breadcrumb\":{\"@id\":\"https:\/\/demartino.cl\/producto\/viejas-tinajas-blanco-itata-vino-anfora\/#breadcrumb\"},\"inLanguage\":\"en-US\",\"potentialAction\":[{\"@type\":\"ReadAction\",\"target\":[\"https:\/\/demartino.cl\/producto\/viejas-tinajas-blanco-itata-vino-anfora\/\"]}]},{\"@type\":\"ImageObject\",\"inLanguage\":\"en-US\",\"@id\":\"https:\/\/demartino.cl\/producto\/viejas-tinajas-blanco-itata-vino-anfora\/#primaryimage\",\"url\":\"https:\/\/demartino.cl\/wp-content\/uploads\/2023\/01\/De-Martino-Muscat-Viejas-Tinajas-Blanco-min.png\",\"contentUrl\":\"https:\/\/demartino.cl\/wp-content\/uploads\/2023\/01\/De-Martino-Muscat-Viejas-Tinajas-Blanco-min.png\",\"width\":443,\"height\":1200},{\"@type\":\"BreadcrumbList\",\"@id\":\"https:\/\/demartino.cl\/producto\/viejas-tinajas-blanco-itata-vino-anfora\/#breadcrumb\",\"itemListElement\":[{\"@type\":\"ListItem\",\"position\":1,\"name\":\"Portada\",\"item\":\"https:\/\/demartino.cl\/\"},{\"@type\":\"ListItem\",\"position\":2,\"name\":\"Productos\",\"item\":\"https:\/\/demartino.cl\/shop\/\"},{\"@type\":\"ListItem\",\"position\":3,\"name\":\"Viejas Tinajas Blanco\"}]},{\"@type\":\"WebSite\",\"@id\":\"https:\/\/demartino.cl\/en\/#website\",\"url\":\"https:\/\/demartino.cl\/en\/\",\"name\":\"De Martino\",\"description\":\"Vinos\",\"potentialAction\":[{\"@type\":\"SearchAction\",\"target\":{\"@type\":\"EntryPoint\",\"urlTemplate\":\"https:\/\/demartino.cl\/en\/?s={search_term_string}\"},\"query-input\":{\"@type\":\"PropertyValueSpecification\",\"valueRequired\":true,\"valueName\":\"search_term_string\"}}],\"inLanguage\":\"en-US\"}]}<\/script>\n<!-- \/ Yoast SEO plugin. -->","yoast_head_json":{"title":"Viejas Tinajas Blanco - De Martino","description":"Fermentado en \u00e1nforas centenarias. Este Muscat, del Valle de Itata, es un vino patrimonial y de producci\u00f3n limitada. Arom\u00e1tico y de marcada personalidad","robots":{"index":"index","follow":"follow","max-snippet":"max-snippet:-1","max-image-preview":"max-image-preview:large","max-video-preview":"max-video-preview:-1"},"canonical":"https:\/\/demartino.cl\/producto\/viejas-tinajas-blanco-itata-vino-anfora\/","og_locale":"en_US","og_type":"article","og_title":"Viejas Tinajas Blanco - De Martino","og_description":"Fermentado en \u00e1nforas centenarias. Este Muscat, del Valle de Itata, es un vino patrimonial y de producci\u00f3n limitada. Arom\u00e1tico y de marcada personalidad","og_url":"https:\/\/demartino.cl\/producto\/viejas-tinajas-blanco-itata-vino-anfora\/","og_site_name":"De Martino","article_modified_time":"2025-12-09T14:34:00+00:00","og_image":[{"width":443,"height":1200,"url":"https:\/\/demartino.cl\/wp-content\/uploads\/2023\/01\/De-Martino-Muscat-Viejas-Tinajas-Blanco-min.png","type":"image\/png"}],"twitter_card":"summary_large_image","twitter_misc":{"Est. reading time":"1 minute"},"schema":{"@context":"https:\/\/schema.org","@graph":[{"@type":"WebPage","@id":"https:\/\/demartino.cl\/producto\/viejas-tinajas-blanco-itata-vino-anfora\/","url":"https:\/\/demartino.cl\/producto\/viejas-tinajas-blanco-itata-vino-anfora\/","name":"Viejas Tinajas Blanco - De Martino","isPartOf":{"@id":"https:\/\/demartino.cl\/en\/#website"},"primaryImageOfPage":{"@id":"https:\/\/demartino.cl\/producto\/viejas-tinajas-blanco-itata-vino-anfora\/#primaryimage"},"image":{"@id":"https:\/\/demartino.cl\/producto\/viejas-tinajas-blanco-itata-vino-anfora\/#primaryimage"},"thumbnailUrl":"https:\/\/demartino.cl\/wp-content\/uploads\/2023\/01\/De-Martino-Muscat-Viejas-Tinajas-Blanco-min.png","datePublished":"2023-01-09T13:14:08+00:00","dateModified":"2025-12-09T14:34:00+00:00","description":"Fermentado en \u00e1nforas centenarias. Este Muscat, del Valle de Itata, es un vino patrimonial y de producci\u00f3n limitada. Arom\u00e1tico y de marcada personalidad","breadcrumb":{"@id":"https:\/\/demartino.cl\/producto\/viejas-tinajas-blanco-itata-vino-anfora\/#breadcrumb"},"inLanguage":"en-US","potentialAction":[{"@type":"ReadAction","target":["https:\/\/demartino.cl\/producto\/viejas-tinajas-blanco-itata-vino-anfora\/"]}]},{"@type":"ImageObject","inLanguage":"en-US","@id":"https:\/\/demartino.cl\/producto\/viejas-tinajas-blanco-itata-vino-anfora\/#primaryimage","url":"https:\/\/demartino.cl\/wp-content\/uploads\/2023\/01\/De-Martino-Muscat-Viejas-Tinajas-Blanco-min.png","contentUrl":"https:\/\/demartino.cl\/wp-content\/uploads\/2023\/01\/De-Martino-Muscat-Viejas-Tinajas-Blanco-min.png","width":443,"height":1200},{"@type":"BreadcrumbList","@id":"https:\/\/demartino.cl\/producto\/viejas-tinajas-blanco-itata-vino-anfora\/#breadcrumb","itemListElement":[{"@type":"ListItem","position":1,"name":"Portada","item":"https:\/\/demartino.cl\/"},{"@type":"ListItem","position":2,"name":"Productos","item":"https:\/\/demartino.cl\/shop\/"},{"@type":"ListItem","position":3,"name":"Viejas Tinajas Blanco"}]},{"@type":"WebSite","@id":"https:\/\/demartino.cl\/en\/#website","url":"https:\/\/demartino.cl\/en\/","name":"De Martino","description":"Vinos","potentialAction":[{"@type":"SearchAction","target":{"@type":"EntryPoint","urlTemplate":"https:\/\/demartino.cl\/en\/?s={search_term_string}"},"query-input":{"@type":"PropertyValueSpecification","valueRequired":true,"valueName":"search_term_string"}}],"inLanguage":"en-US"}]}},"_links":{"self":[{"href":"https:\/\/demartino.cl\/en\/wp-json\/wp\/v2\/product\/7278","targetHints":{"allow":["GET"]}}],"collection":[{"href":"https:\/\/demartino.cl\/en\/wp-json\/wp\/v2\/product"}],"about":[{"href":"https:\/\/demartino.cl\/en\/wp-json\/wp\/v2\/types\/product"}],"version-history":[{"count":4,"href":"https:\/\/demartino.cl\/en\/wp-json\/wp\/v2\/product\/7278\/revisions"}],"predecessor-version":[{"id":7283,"href":"https:\/\/demartino.cl\/en\/wp-json\/wp\/v2\/product\/7278\/revisions\/7283"}],"wp:featuredmedia":[{"embeddable":true,"href":"https:\/\/demartino.cl\/en\/wp-json\/wp\/v2\/media\/11514"}],"wp:attachment":[{"href":"https:\/\/demartino.cl\/en\/wp-json\/wp\/v2\/media?parent=7278"}],"wp:term":[{"taxonomy":"product_brand","embeddable":true,"href":"https:\/\/demartino.cl\/en\/wp-json\/wp\/v2\/product_brand?post=7278"},{"taxonomy":"product_cat","embeddable":true,"href":"https:\/\/demartino.cl\/en\/wp-json\/wp\/v2\/product_cat?post=7278"},{"taxonomy":"product_tag","embeddable":true,"href":"https:\/\/demartino.cl\/en\/wp-json\/wp\/v2\/product_tag?post=7278"}],"curies":[{"name":"wp","href":"https:\/\/api.w.org\/{rel}","templated":true}]}}