{"id":3545,"date":"2022-06-07T16:05:16","date_gmt":"2022-06-07T20:05:16","guid":{"rendered":"https:\/\/demartino.cl\/?post_type=product&#038;p=3545"},"modified":"2025-12-09T11:34:31","modified_gmt":"2025-12-09T14:34:31","slug":"ungrafted-cinsault","status":"publish","type":"product","link":"https:\/\/demartino.cl\/en\/producto\/ungrafted-cinsault\/","title":{"rendered":"Ungrafted Cinsault"},"content":{"rendered":"","protected":false},"excerpt":{"rendered":"","protected":false},"featured_media":3546,"template":"","meta":{"_acf_changed":false},"product_brand":[],"product_cat":[64,387],"product_tag":[389],"class_list":{"0":"post-3545","1":"product","2":"type-product","3":"status-publish","4":"has-post-thumbnail","6":"product_cat-cinsault","7":"product_cat-ungrafted","8":"product_tag-ungrafted","10":"first","11":"instock","12":"sale","13":"shipping-taxable","14":"purchasable","15":"product-type-simple"},"acf":{"categoria":"Ungrafted","titulo":"Ungrafted Cinsault","do":"D. O. Itata","descripcion":"<p class=\"titulo-ficha\" style=\"width: 100%; float: left;\">DESCRIPCI\u00d3N<\/p>\r\nCultivar vides sin injertar hoy es un privilegio, ya que tienen la capacidad de transmitir su origen en su nivel m\u00e1s puro y son muy escasas.<strong>Ungrafted<\/strong> es un tributo a esa singularidad, que nos permite producir vinos de zonas reputadas con la m\u00e1xima expresi\u00f3n de terru\u00f1o, de la mano de una vinificaci\u00f3n con m\u00e9todos tradicionales para resaltar a\u00fan m\u00e1s el lugar sin m\u00e1scaras.","ficha_tecnica":"<p class=\"titulo-ficha\" style=\"width: 100%; float: left;\">FICHA T\u00c9CNICA<\/p>\r\n<strong>ORIGEN<\/strong>: La zona de Guarilih\u00fce en el Valle de Itata est\u00e1 a solo 22 km del Oc\u00e9ano Pac\u00edfico, en el Sur de Chile. El vi\u00f1edo tiene 35 a\u00f1os de antig\u00fcedad. Es un cultivo de secano, con sistema de vasos y plantaci\u00f3n sin portainjertos, siguiendo la traducci\u00f3n de la regi\u00f3n.\r\n\r\n<strong>VARIEDAD<\/strong>: 100% Cinsault\r\n<strong>\r\nFECHA DE COSECHA<\/strong>: Las uvas se cosecharon a mano el 13 de marzo de 2020.\r\n\r\n<strong>VINIFICACI\u00d3N Y CRIANZA<\/strong>: Despu\u00e9s del despalillado, se sometieron las uvas a una maceraci\u00f3n en frio muy corta. La fermentaci\u00f3n alcoh\u00f3lica se realiza con levadura nativa y el proceso completo de maceraci\u00f3n dura 40 d\u00edas.\r\n\r\n<strong>SUELO<\/strong>: Granito\r\n\r\n<strong>CLIMA<\/strong>: Regi\u00f3n de clima fresco con una marcada influencia del Oc\u00e9ano Pac\u00edfico. Los 800-700 mm de precipitaciones al a\u00f1o permiten la agricultura de secano.\r\n\r\n<strong>NOTAS DE CATA: <\/strong>Color rub\u00ed brillante, de intensidad moderada. Perfumado y con aromas frescos de guindas rojas y oscuras, con una nota a violeta combinada con un ligero toque picante. Al paladar resulta fresco e intenso con frutos rojos maduros, acidez fresca, taninos suaves y un acabado profundo y persistente.","ficha_pdf":3547,"serie":"Ungrafted"},"yoast_head":"<!-- This site is optimized with the Yoast SEO plugin v26.0 - https:\/\/yoast.com\/wordpress\/plugins\/seo\/ -->\n<title>Ungrafted Cinsault - De Martino<\/title>\n<meta name=\"robots\" content=\"index, follow, max-snippet:-1, max-image-preview:large, max-video-preview:-1\" \/>\n<link rel=\"canonical\" href=\"https:\/\/demartino.cl\/producto\/ungrafted-cinsault\/\" \/>\n<meta property=\"og:locale\" content=\"en_US\" \/>\n<meta property=\"og:type\" content=\"article\" \/>\n<meta property=\"og:title\" content=\"Ungrafted Cinsault - De Martino\" \/>\n<meta property=\"og:url\" content=\"https:\/\/demartino.cl\/producto\/ungrafted-cinsault\/\" \/>\n<meta property=\"og:site_name\" content=\"De Martino\" \/>\n<meta property=\"article:modified_time\" content=\"2025-12-09T14:34:31+00:00\" \/>\n<meta property=\"og:image\" content=\"https:\/\/demartino.cl\/wp-content\/uploads\/2022\/06\/BG_ITATA_CIN_2020-1-378x1024.png\" \/>\n\t<meta property=\"og:image:width\" content=\"378\" \/>\n\t<meta property=\"og:image:height\" content=\"1024\" \/>\n\t<meta property=\"og:image:type\" content=\"image\/png\" \/>\n<meta name=\"twitter:card\" content=\"summary_large_image\" \/>\n<script type=\"application\/ld+json\" class=\"yoast-schema-graph\">{\"@context\":\"https:\/\/schema.org\",\"@graph\":[{\"@type\":\"WebPage\",\"@id\":\"https:\/\/demartino.cl\/producto\/ungrafted-cinsault\/\",\"url\":\"https:\/\/demartino.cl\/producto\/ungrafted-cinsault\/\",\"name\":\"Ungrafted Cinsault - De Martino\",\"isPartOf\":{\"@id\":\"https:\/\/demartino.cl\/en\/#website\"},\"primaryImageOfPage\":{\"@id\":\"https:\/\/demartino.cl\/producto\/ungrafted-cinsault\/#primaryimage\"},\"image\":{\"@id\":\"https:\/\/demartino.cl\/producto\/ungrafted-cinsault\/#primaryimage\"},\"thumbnailUrl\":\"https:\/\/demartino.cl\/wp-content\/uploads\/2022\/06\/BG_ITATA_CIN_2020-1.png\",\"datePublished\":\"2022-06-07T20:05:16+00:00\",\"dateModified\":\"2025-12-09T14:34:31+00:00\",\"breadcrumb\":{\"@id\":\"https:\/\/demartino.cl\/producto\/ungrafted-cinsault\/#breadcrumb\"},\"inLanguage\":\"en-US\",\"potentialAction\":[{\"@type\":\"ReadAction\",\"target\":[\"https:\/\/demartino.cl\/producto\/ungrafted-cinsault\/\"]}]},{\"@type\":\"ImageObject\",\"inLanguage\":\"en-US\",\"@id\":\"https:\/\/demartino.cl\/producto\/ungrafted-cinsault\/#primaryimage\",\"url\":\"https:\/\/demartino.cl\/wp-content\/uploads\/2022\/06\/BG_ITATA_CIN_2020-1.png\",\"contentUrl\":\"https:\/\/demartino.cl\/wp-content\/uploads\/2022\/06\/BG_ITATA_CIN_2020-1.png\",\"width\":1214,\"height\":3291},{\"@type\":\"BreadcrumbList\",\"@id\":\"https:\/\/demartino.cl\/producto\/ungrafted-cinsault\/#breadcrumb\",\"itemListElement\":[{\"@type\":\"ListItem\",\"position\":1,\"name\":\"Portada\",\"item\":\"https:\/\/demartino.cl\/\"},{\"@type\":\"ListItem\",\"position\":2,\"name\":\"Productos\",\"item\":\"https:\/\/demartino.cl\/shop\/\"},{\"@type\":\"ListItem\",\"position\":3,\"name\":\"Ungrafted Cinsault\"}]},{\"@type\":\"WebSite\",\"@id\":\"https:\/\/demartino.cl\/en\/#website\",\"url\":\"https:\/\/demartino.cl\/en\/\",\"name\":\"De Martino\",\"description\":\"Vinos\",\"potentialAction\":[{\"@type\":\"SearchAction\",\"target\":{\"@type\":\"EntryPoint\",\"urlTemplate\":\"https:\/\/demartino.cl\/en\/?s={search_term_string}\"},\"query-input\":{\"@type\":\"PropertyValueSpecification\",\"valueRequired\":true,\"valueName\":\"search_term_string\"}}],\"inLanguage\":\"en-US\"}]}<\/script>\n<!-- \/ Yoast SEO plugin. -->","yoast_head_json":{"title":"Ungrafted Cinsault - De Martino","robots":{"index":"index","follow":"follow","max-snippet":"max-snippet:-1","max-image-preview":"max-image-preview:large","max-video-preview":"max-video-preview:-1"},"canonical":"https:\/\/demartino.cl\/producto\/ungrafted-cinsault\/","og_locale":"en_US","og_type":"article","og_title":"Ungrafted Cinsault - De Martino","og_url":"https:\/\/demartino.cl\/producto\/ungrafted-cinsault\/","og_site_name":"De Martino","article_modified_time":"2025-12-09T14:34:31+00:00","og_image":[{"width":378,"height":1024,"url":"https:\/\/demartino.cl\/wp-content\/uploads\/2022\/06\/BG_ITATA_CIN_2020-1-378x1024.png","type":"image\/png"}],"twitter_card":"summary_large_image","schema":{"@context":"https:\/\/schema.org","@graph":[{"@type":"WebPage","@id":"https:\/\/demartino.cl\/producto\/ungrafted-cinsault\/","url":"https:\/\/demartino.cl\/producto\/ungrafted-cinsault\/","name":"Ungrafted Cinsault - De Martino","isPartOf":{"@id":"https:\/\/demartino.cl\/en\/#website"},"primaryImageOfPage":{"@id":"https:\/\/demartino.cl\/producto\/ungrafted-cinsault\/#primaryimage"},"image":{"@id":"https:\/\/demartino.cl\/producto\/ungrafted-cinsault\/#primaryimage"},"thumbnailUrl":"https:\/\/demartino.cl\/wp-content\/uploads\/2022\/06\/BG_ITATA_CIN_2020-1.png","datePublished":"2022-06-07T20:05:16+00:00","dateModified":"2025-12-09T14:34:31+00:00","breadcrumb":{"@id":"https:\/\/demartino.cl\/producto\/ungrafted-cinsault\/#breadcrumb"},"inLanguage":"en-US","potentialAction":[{"@type":"ReadAction","target":["https:\/\/demartino.cl\/producto\/ungrafted-cinsault\/"]}]},{"@type":"ImageObject","inLanguage":"en-US","@id":"https:\/\/demartino.cl\/producto\/ungrafted-cinsault\/#primaryimage","url":"https:\/\/demartino.cl\/wp-content\/uploads\/2022\/06\/BG_ITATA_CIN_2020-1.png","contentUrl":"https:\/\/demartino.cl\/wp-content\/uploads\/2022\/06\/BG_ITATA_CIN_2020-1.png","width":1214,"height":3291},{"@type":"BreadcrumbList","@id":"https:\/\/demartino.cl\/producto\/ungrafted-cinsault\/#breadcrumb","itemListElement":[{"@type":"ListItem","position":1,"name":"Portada","item":"https:\/\/demartino.cl\/"},{"@type":"ListItem","position":2,"name":"Productos","item":"https:\/\/demartino.cl\/shop\/"},{"@type":"ListItem","position":3,"name":"Ungrafted Cinsault"}]},{"@type":"WebSite","@id":"https:\/\/demartino.cl\/en\/#website","url":"https:\/\/demartino.cl\/en\/","name":"De Martino","description":"Vinos","potentialAction":[{"@type":"SearchAction","target":{"@type":"EntryPoint","urlTemplate":"https:\/\/demartino.cl\/en\/?s={search_term_string}"},"query-input":{"@type":"PropertyValueSpecification","valueRequired":true,"valueName":"search_term_string"}}],"inLanguage":"en-US"}]}},"_links":{"self":[{"href":"https:\/\/demartino.cl\/en\/wp-json\/wp\/v2\/product\/3545","targetHints":{"allow":["GET"]}}],"collection":[{"href":"https:\/\/demartino.cl\/en\/wp-json\/wp\/v2\/product"}],"about":[{"href":"https:\/\/demartino.cl\/en\/wp-json\/wp\/v2\/types\/product"}],"version-history":[{"count":1,"href":"https:\/\/demartino.cl\/en\/wp-json\/wp\/v2\/product\/3545\/revisions"}],"predecessor-version":[{"id":4287,"href":"https:\/\/demartino.cl\/en\/wp-json\/wp\/v2\/product\/3545\/revisions\/4287"}],"wp:featuredmedia":[{"embeddable":true,"href":"https:\/\/demartino.cl\/en\/wp-json\/wp\/v2\/media\/3546"}],"wp:attachment":[{"href":"https:\/\/demartino.cl\/en\/wp-json\/wp\/v2\/media?parent=3545"}],"wp:term":[{"taxonomy":"product_brand","embeddable":true,"href":"https:\/\/demartino.cl\/en\/wp-json\/wp\/v2\/product_brand?post=3545"},{"taxonomy":"product_cat","embeddable":true,"href":"https:\/\/demartino.cl\/en\/wp-json\/wp\/v2\/product_cat?post=3545"},{"taxonomy":"product_tag","embeddable":true,"href":"https:\/\/demartino.cl\/en\/wp-json\/wp\/v2\/product_tag?post=3545"}],"curies":[{"name":"wp","href":"https:\/\/api.w.org\/{rel}","templated":true}]}}