{"id":3542,"date":"2022-06-07T16:02:14","date_gmt":"2022-06-07T20:02:14","guid":{"rendered":"https:\/\/demartino.cl\/?post_type=product&#038;p=3542"},"modified":"2025-12-09T11:34:39","modified_gmt":"2025-12-09T14:34:39","slug":"ungrafted-carmenere","status":"publish","type":"product","link":"https:\/\/demartino.cl\/en\/producto\/ungrafted-carmenere\/","title":{"rendered":"Ungrafted Carmen\u00e8re"},"content":{"rendered":"","protected":false},"excerpt":{"rendered":"","protected":false},"featured_media":3543,"template":"","meta":{"_acf_changed":false},"product_brand":[],"product_cat":[56,387],"product_tag":[389],"class_list":{"0":"post-3542","1":"product","2":"type-product","3":"status-publish","4":"has-post-thumbnail","6":"product_cat-carmenere","7":"product_cat-ungrafted","8":"product_tag-ungrafted","10":"first","11":"instock","12":"sale","13":"shipping-taxable","14":"purchasable","15":"product-type-simple"},"acf":{"categoria":"Ungrafted","titulo":"Ungrafted Carmen\u00e8re","do":"D. O. Maipo","descripcion":"<p class=\"titulo-ficha\" style=\"width: 100%; float: left;\">DESCRIPCI\u00d3N<\/p>\r\nCultivar vides sin injertar hoy es un privilegio, ya que tienen la capacidad de transmitir su origen en su nivel m\u00e1s puro y son muy escasas.<strong>Ungrafted<\/strong> es un tributo a esa singularidad, que nos permite producir vinos de zonas reputadas con la m\u00e1xima expresi\u00f3n de terru\u00f1o, de la mano de una vinificaci\u00f3n con m\u00e9todos tradicionales para resaltar a\u00fan m\u00e1s el lugar sin m\u00e1scaras.","ficha_tecnica":"<p class=\"titulo-ficha\" style=\"width: 100%; float: left;\">FICHA T\u00c9CNICA<\/p>\r\n<strong>ORIGEN<\/strong>: Este vino proviene de un vi\u00f1edo de Isla de Maipo, en el coraz\u00f3n del Valle del Maipo. Este vi\u00f1edo est\u00e1 plantado en una terraza aluvial con suelos de grava que combinan perfectamente con esta variedad.\r\n\r\n<strong>VARIEDAD<\/strong>: 100% Carmen\u00e8re\r\n<strong>\r\nFECHA DE COSECHA<\/strong>: Las uvas fueron manualmente cosechadas durante la primera semana de marzo de 2019.\r\n\r\n<strong>VINIFICACI\u00d3N Y CRIANZA<\/strong>: Luego de seleccionada y descobajada, la uva es trasladada a tanques para hacer una maceraci\u00f3n en fr\u00edo y luego una fermentaci\u00f3n con levaduras nativas. La maceraci\u00f3n total del vino en contacto con sus orujos fue de 30 d\u00edas. El vino es criado por un periodo de 15 meses en barricas francesas de roble usadas, resaltando as\u00ed las caracter\u00edsticas propias del vino.\r\n\r\n<strong>SUELO<\/strong>: Terraza aluvial formada por suelos de grava.\r\n\r\n<strong>CLIMA<\/strong>: Mediterr\u00e1neo, moderado por la influencia del Oc\u00e9ano Pac\u00edfico.\r\n\r\n<strong>NOTAS DE CATA:<\/strong> Este vino tiene un color violeta vivo, con aromas frescos de ar\u00e1ndanos maduros y ciruela, junto con notas pimentosas y picantes. El paladar es de cuerpo medio con un intenso centro de frutos rojos perfectamente integrados con una textura sedosa que recubre la boca, y taninos muy suaves y redondos, que se\r\ncomplementan bien con una fresca acidez. Tiene un final largo y se ver\u00e1 beneficiado por una guarda durante los pr\u00f3ximos 10 a\u00f1os.","ficha_pdf":3544,"serie":"Ungrafted"},"yoast_head":"<!-- This site is optimized with the Yoast SEO plugin v26.0 - https:\/\/yoast.com\/wordpress\/plugins\/seo\/ -->\n<title>Ungrafted Carmen\u00e8re - De Martino<\/title>\n<meta name=\"robots\" content=\"index, follow, max-snippet:-1, max-image-preview:large, max-video-preview:-1\" \/>\n<link rel=\"canonical\" href=\"https:\/\/demartino.cl\/producto\/ungrafted-carmenere\/\" \/>\n<meta property=\"og:locale\" content=\"en_US\" \/>\n<meta property=\"og:type\" content=\"article\" \/>\n<meta property=\"og:title\" content=\"Ungrafted Carmen\u00e8re - De Martino\" \/>\n<meta property=\"og:url\" content=\"https:\/\/demartino.cl\/producto\/ungrafted-carmenere\/\" \/>\n<meta property=\"og:site_name\" content=\"De Martino\" \/>\n<meta property=\"article:modified_time\" content=\"2025-12-09T14:34:39+00:00\" \/>\n<meta property=\"og:image\" content=\"https:\/\/demartino.cl\/wp-content\/uploads\/2022\/06\/BD_MAIPO_CM_2019-1-378x1024.png\" \/>\n\t<meta property=\"og:image:width\" content=\"378\" \/>\n\t<meta property=\"og:image:height\" content=\"1024\" \/>\n\t<meta property=\"og:image:type\" content=\"image\/png\" \/>\n<meta name=\"twitter:card\" content=\"summary_large_image\" \/>\n<script type=\"application\/ld+json\" class=\"yoast-schema-graph\">{\"@context\":\"https:\/\/schema.org\",\"@graph\":[{\"@type\":\"WebPage\",\"@id\":\"https:\/\/demartino.cl\/producto\/ungrafted-carmenere\/\",\"url\":\"https:\/\/demartino.cl\/producto\/ungrafted-carmenere\/\",\"name\":\"Ungrafted Carmen\u00e8re - De Martino\",\"isPartOf\":{\"@id\":\"https:\/\/demartino.cl\/en\/#website\"},\"primaryImageOfPage\":{\"@id\":\"https:\/\/demartino.cl\/producto\/ungrafted-carmenere\/#primaryimage\"},\"image\":{\"@id\":\"https:\/\/demartino.cl\/producto\/ungrafted-carmenere\/#primaryimage\"},\"thumbnailUrl\":\"https:\/\/demartino.cl\/wp-content\/uploads\/2022\/06\/BD_MAIPO_CM_2019-1.png\",\"datePublished\":\"2022-06-07T20:02:14+00:00\",\"dateModified\":\"2025-12-09T14:34:39+00:00\",\"breadcrumb\":{\"@id\":\"https:\/\/demartino.cl\/producto\/ungrafted-carmenere\/#breadcrumb\"},\"inLanguage\":\"en-US\",\"potentialAction\":[{\"@type\":\"ReadAction\",\"target\":[\"https:\/\/demartino.cl\/producto\/ungrafted-carmenere\/\"]}]},{\"@type\":\"ImageObject\",\"inLanguage\":\"en-US\",\"@id\":\"https:\/\/demartino.cl\/producto\/ungrafted-carmenere\/#primaryimage\",\"url\":\"https:\/\/demartino.cl\/wp-content\/uploads\/2022\/06\/BD_MAIPO_CM_2019-1.png\",\"contentUrl\":\"https:\/\/demartino.cl\/wp-content\/uploads\/2022\/06\/BD_MAIPO_CM_2019-1.png\",\"width\":1214,\"height\":3291},{\"@type\":\"BreadcrumbList\",\"@id\":\"https:\/\/demartino.cl\/producto\/ungrafted-carmenere\/#breadcrumb\",\"itemListElement\":[{\"@type\":\"ListItem\",\"position\":1,\"name\":\"Portada\",\"item\":\"https:\/\/demartino.cl\/\"},{\"@type\":\"ListItem\",\"position\":2,\"name\":\"Productos\",\"item\":\"https:\/\/demartino.cl\/shop\/\"},{\"@type\":\"ListItem\",\"position\":3,\"name\":\"Ungrafted Carmen\u00e8re\"}]},{\"@type\":\"WebSite\",\"@id\":\"https:\/\/demartino.cl\/en\/#website\",\"url\":\"https:\/\/demartino.cl\/en\/\",\"name\":\"De Martino\",\"description\":\"Vinos\",\"potentialAction\":[{\"@type\":\"SearchAction\",\"target\":{\"@type\":\"EntryPoint\",\"urlTemplate\":\"https:\/\/demartino.cl\/en\/?s={search_term_string}\"},\"query-input\":{\"@type\":\"PropertyValueSpecification\",\"valueRequired\":true,\"valueName\":\"search_term_string\"}}],\"inLanguage\":\"en-US\"}]}<\/script>\n<!-- \/ Yoast SEO plugin. -->","yoast_head_json":{"title":"Ungrafted Carmen\u00e8re - De Martino","robots":{"index":"index","follow":"follow","max-snippet":"max-snippet:-1","max-image-preview":"max-image-preview:large","max-video-preview":"max-video-preview:-1"},"canonical":"https:\/\/demartino.cl\/producto\/ungrafted-carmenere\/","og_locale":"en_US","og_type":"article","og_title":"Ungrafted Carmen\u00e8re - De Martino","og_url":"https:\/\/demartino.cl\/producto\/ungrafted-carmenere\/","og_site_name":"De Martino","article_modified_time":"2025-12-09T14:34:39+00:00","og_image":[{"width":378,"height":1024,"url":"https:\/\/demartino.cl\/wp-content\/uploads\/2022\/06\/BD_MAIPO_CM_2019-1-378x1024.png","type":"image\/png"}],"twitter_card":"summary_large_image","schema":{"@context":"https:\/\/schema.org","@graph":[{"@type":"WebPage","@id":"https:\/\/demartino.cl\/producto\/ungrafted-carmenere\/","url":"https:\/\/demartino.cl\/producto\/ungrafted-carmenere\/","name":"Ungrafted Carmen\u00e8re - De Martino","isPartOf":{"@id":"https:\/\/demartino.cl\/en\/#website"},"primaryImageOfPage":{"@id":"https:\/\/demartino.cl\/producto\/ungrafted-carmenere\/#primaryimage"},"image":{"@id":"https:\/\/demartino.cl\/producto\/ungrafted-carmenere\/#primaryimage"},"thumbnailUrl":"https:\/\/demartino.cl\/wp-content\/uploads\/2022\/06\/BD_MAIPO_CM_2019-1.png","datePublished":"2022-06-07T20:02:14+00:00","dateModified":"2025-12-09T14:34:39+00:00","breadcrumb":{"@id":"https:\/\/demartino.cl\/producto\/ungrafted-carmenere\/#breadcrumb"},"inLanguage":"en-US","potentialAction":[{"@type":"ReadAction","target":["https:\/\/demartino.cl\/producto\/ungrafted-carmenere\/"]}]},{"@type":"ImageObject","inLanguage":"en-US","@id":"https:\/\/demartino.cl\/producto\/ungrafted-carmenere\/#primaryimage","url":"https:\/\/demartino.cl\/wp-content\/uploads\/2022\/06\/BD_MAIPO_CM_2019-1.png","contentUrl":"https:\/\/demartino.cl\/wp-content\/uploads\/2022\/06\/BD_MAIPO_CM_2019-1.png","width":1214,"height":3291},{"@type":"BreadcrumbList","@id":"https:\/\/demartino.cl\/producto\/ungrafted-carmenere\/#breadcrumb","itemListElement":[{"@type":"ListItem","position":1,"name":"Portada","item":"https:\/\/demartino.cl\/"},{"@type":"ListItem","position":2,"name":"Productos","item":"https:\/\/demartino.cl\/shop\/"},{"@type":"ListItem","position":3,"name":"Ungrafted Carmen\u00e8re"}]},{"@type":"WebSite","@id":"https:\/\/demartino.cl\/en\/#website","url":"https:\/\/demartino.cl\/en\/","name":"De Martino","description":"Vinos","potentialAction":[{"@type":"SearchAction","target":{"@type":"EntryPoint","urlTemplate":"https:\/\/demartino.cl\/en\/?s={search_term_string}"},"query-input":{"@type":"PropertyValueSpecification","valueRequired":true,"valueName":"search_term_string"}}],"inLanguage":"en-US"}]}},"_links":{"self":[{"href":"https:\/\/demartino.cl\/en\/wp-json\/wp\/v2\/product\/3542","targetHints":{"allow":["GET"]}}],"collection":[{"href":"https:\/\/demartino.cl\/en\/wp-json\/wp\/v2\/product"}],"about":[{"href":"https:\/\/demartino.cl\/en\/wp-json\/wp\/v2\/types\/product"}],"version-history":[{"count":1,"href":"https:\/\/demartino.cl\/en\/wp-json\/wp\/v2\/product\/3542\/revisions"}],"predecessor-version":[{"id":4288,"href":"https:\/\/demartino.cl\/en\/wp-json\/wp\/v2\/product\/3542\/revisions\/4288"}],"wp:featuredmedia":[{"embeddable":true,"href":"https:\/\/demartino.cl\/en\/wp-json\/wp\/v2\/media\/3543"}],"wp:attachment":[{"href":"https:\/\/demartino.cl\/en\/wp-json\/wp\/v2\/media?parent=3542"}],"wp:term":[{"taxonomy":"product_brand","embeddable":true,"href":"https:\/\/demartino.cl\/en\/wp-json\/wp\/v2\/product_brand?post=3542"},{"taxonomy":"product_cat","embeddable":true,"href":"https:\/\/demartino.cl\/en\/wp-json\/wp\/v2\/product_cat?post=3542"},{"taxonomy":"product_tag","embeddable":true,"href":"https:\/\/demartino.cl\/en\/wp-json\/wp\/v2\/product_tag?post=3542"}],"curies":[{"name":"wp","href":"https:\/\/api.w.org\/{rel}","templated":true}]}}