{"id":3351,"date":"2022-03-29T09:19:39","date_gmt":"2022-03-29T12:19:39","guid":{"rendered":"https:\/\/demartino.cl\/?post_type=product&#038;p=3351"},"modified":"2025-12-09T14:36:03","modified_gmt":"2025-12-09T17:36:03","slug":"legado-sauvignon-blanc-semillon","status":"publish","type":"product","link":"https:\/\/demartino.cl\/en\/producto\/legado-sauvignon-blanc-semillon\/","title":{"rendered":"Legado Sauvignon Blanc-Semill\u00f3n"},"content":{"rendered":"","protected":false},"excerpt":{"rendered":"","protected":false},"featured_media":11494,"template":"","meta":{"_acf_changed":false},"product_brand":[],"product_cat":[60],"product_tag":[25],"class_list":{"0":"post-3351","1":"product","2":"type-product","3":"status-publish","4":"has-post-thumbnail","6":"product_cat-sauvignon-blanc","7":"product_tag-legado","9":"first","10":"instock","11":"sale","12":"shipping-taxable","13":"purchasable","14":"product-type-simple"},"acf":{"categoria":"Legado","titulo":"Sauvignon Blanc-Semill\u00f3n","do":"D. O. Maipo","descripcion":"<p class=\"titulo-ficha\" style=\"width: 100%; float: left;\">DESCRIPCI\u00d3N<\/p>Los vinos de nuestra l\u00ednea Legado proceden de parcelas seleccionadas en vi\u00f1edos con caracter\u00edsticas extraordinarias. Estos vinos que reflejan la esencia de sus regiones de origen y se destacan por su gran intensidad, car\u00e1cter y elegancia.","ficha_tecnica":"<p class=\"titulo-ficha\" style=\"width: 100%; float: left;\">FICHA T\u00c9CNICA<\/p>\r\n<strong>Origen<\/strong>: Isla de Maipo, Valle del Maipo.\r\n\r\n<strong>Variedad<\/strong>: 50% de Sauvignon Blanc y 50% de Semill\u00f3n.\r\n\r\n<strong>Fecha de cosecha<\/strong>: Las uvas fueron cosechadas durante la \u00faltima semana de febrero de 2021.\r\n\r\n<strong>Vinificaci\u00f3n y crianza<\/strong>: Se vinificaron ambas variedades de forma distinta. El Sauvignon Blanc se cosech\u00f3, se despalill\u00f3 y prens\u00f3, siempre manteniendo protecci\u00f3n frente a la oxidaci\u00f3n, se ferment\u00f3 a 13,5-15\u00b0C con levaduras nativas en tanques de acero inoxidable y luego se dej\u00f3 3 meses a la espera de la mezcla. El Semill\u00f3n se cosech\u00f3 y se prens\u00f3 directamente, con racimos completos y no hubo protecci\u00f3n a la oxidaci\u00f3n. Luego se ferment\u00f3 en barricas de roble viejas, neutras, con levaduras nativas y se dejaron en las barricas sin protecci\u00f3n a la oxidaci\u00f3n por 3 meses, donde hizo parcialmente la fermentaci\u00f3n malol\u00e1ctica. Luego se hizo la mezcla donde pas\u00f3 6 meses de guarda en barricas viejas, neutras. Se filtra ligeramente y se envasa.\r\n\r\n<strong>Suelo<\/strong>: Aluvial.\r\n\r\n<strong> Clima<\/strong>: Mediterr\u00e1neo templado","ficha_pdf":3352,"serie":"Legado"},"yoast_head":"<!-- This site is optimized with the Yoast SEO plugin v26.0 - https:\/\/yoast.com\/wordpress\/plugins\/seo\/ -->\n<title>Legado Sauvignon Blanc-Semill\u00f3n - De Martino<\/title>\n<meta name=\"robots\" content=\"index, follow, max-snippet:-1, max-image-preview:large, max-video-preview:-1\" \/>\n<link rel=\"canonical\" href=\"https:\/\/demartino.cl\/producto\/legado-sauvignon-blanc-semillon\/\" \/>\n<meta property=\"og:locale\" content=\"en_US\" \/>\n<meta property=\"og:type\" content=\"article\" \/>\n<meta property=\"og:title\" content=\"Legado Sauvignon Blanc-Semill\u00f3n - De Martino\" \/>\n<meta property=\"og:url\" content=\"https:\/\/demartino.cl\/producto\/legado-sauvignon-blanc-semillon\/\" \/>\n<meta property=\"og:site_name\" content=\"De Martino\" \/>\n<meta property=\"article:modified_time\" content=\"2025-12-09T17:36:03+00:00\" \/>\n<meta property=\"og:image\" content=\"https:\/\/demartino.cl\/wp-content\/uploads\/2022\/03\/De-Martino-Legado-Sauvignon-Blanc-Semillon-min.png\" \/>\n\t<meta property=\"og:image:width\" content=\"443\" \/>\n\t<meta property=\"og:image:height\" content=\"1200\" \/>\n\t<meta property=\"og:image:type\" content=\"image\/png\" \/>\n<meta name=\"twitter:card\" content=\"summary_large_image\" \/>\n<meta name=\"twitter:label1\" content=\"Est. reading time\" \/>\n\t<meta name=\"twitter:data1\" content=\"1 minute\" \/>\n<script type=\"application\/ld+json\" class=\"yoast-schema-graph\">{\"@context\":\"https:\/\/schema.org\",\"@graph\":[{\"@type\":\"WebPage\",\"@id\":\"https:\/\/demartino.cl\/producto\/legado-sauvignon-blanc-semillon\/\",\"url\":\"https:\/\/demartino.cl\/producto\/legado-sauvignon-blanc-semillon\/\",\"name\":\"Legado Sauvignon Blanc-Semill\u00f3n - De Martino\",\"isPartOf\":{\"@id\":\"https:\/\/demartino.cl\/en\/#website\"},\"primaryImageOfPage\":{\"@id\":\"https:\/\/demartino.cl\/producto\/legado-sauvignon-blanc-semillon\/#primaryimage\"},\"image\":{\"@id\":\"https:\/\/demartino.cl\/producto\/legado-sauvignon-blanc-semillon\/#primaryimage\"},\"thumbnailUrl\":\"https:\/\/demartino.cl\/wp-content\/uploads\/2022\/03\/De-Martino-Legado-Sauvignon-Blanc-Semillon-min.png\",\"datePublished\":\"2022-03-29T12:19:39+00:00\",\"dateModified\":\"2025-12-09T17:36:03+00:00\",\"breadcrumb\":{\"@id\":\"https:\/\/demartino.cl\/producto\/legado-sauvignon-blanc-semillon\/#breadcrumb\"},\"inLanguage\":\"en-US\",\"potentialAction\":[{\"@type\":\"ReadAction\",\"target\":[\"https:\/\/demartino.cl\/producto\/legado-sauvignon-blanc-semillon\/\"]}]},{\"@type\":\"ImageObject\",\"inLanguage\":\"en-US\",\"@id\":\"https:\/\/demartino.cl\/producto\/legado-sauvignon-blanc-semillon\/#primaryimage\",\"url\":\"https:\/\/demartino.cl\/wp-content\/uploads\/2022\/03\/De-Martino-Legado-Sauvignon-Blanc-Semillon-min.png\",\"contentUrl\":\"https:\/\/demartino.cl\/wp-content\/uploads\/2022\/03\/De-Martino-Legado-Sauvignon-Blanc-Semillon-min.png\",\"width\":443,\"height\":1200},{\"@type\":\"BreadcrumbList\",\"@id\":\"https:\/\/demartino.cl\/producto\/legado-sauvignon-blanc-semillon\/#breadcrumb\",\"itemListElement\":[{\"@type\":\"ListItem\",\"position\":1,\"name\":\"Portada\",\"item\":\"https:\/\/demartino.cl\/\"},{\"@type\":\"ListItem\",\"position\":2,\"name\":\"Productos\",\"item\":\"https:\/\/demartino.cl\/shop\/\"},{\"@type\":\"ListItem\",\"position\":3,\"name\":\"Legado Sauvignon Blanc-Semill\u00f3n\"}]},{\"@type\":\"WebSite\",\"@id\":\"https:\/\/demartino.cl\/en\/#website\",\"url\":\"https:\/\/demartino.cl\/en\/\",\"name\":\"De Martino\",\"description\":\"Vinos\",\"potentialAction\":[{\"@type\":\"SearchAction\",\"target\":{\"@type\":\"EntryPoint\",\"urlTemplate\":\"https:\/\/demartino.cl\/en\/?s={search_term_string}\"},\"query-input\":{\"@type\":\"PropertyValueSpecification\",\"valueRequired\":true,\"valueName\":\"search_term_string\"}}],\"inLanguage\":\"en-US\"}]}<\/script>\n<!-- \/ Yoast SEO plugin. -->","yoast_head_json":{"title":"Legado Sauvignon Blanc-Semill\u00f3n - De Martino","robots":{"index":"index","follow":"follow","max-snippet":"max-snippet:-1","max-image-preview":"max-image-preview:large","max-video-preview":"max-video-preview:-1"},"canonical":"https:\/\/demartino.cl\/producto\/legado-sauvignon-blanc-semillon\/","og_locale":"en_US","og_type":"article","og_title":"Legado Sauvignon Blanc-Semill\u00f3n - De Martino","og_url":"https:\/\/demartino.cl\/producto\/legado-sauvignon-blanc-semillon\/","og_site_name":"De Martino","article_modified_time":"2025-12-09T17:36:03+00:00","og_image":[{"width":443,"height":1200,"url":"https:\/\/demartino.cl\/wp-content\/uploads\/2022\/03\/De-Martino-Legado-Sauvignon-Blanc-Semillon-min.png","type":"image\/png"}],"twitter_card":"summary_large_image","twitter_misc":{"Est. reading time":"1 minute"},"schema":{"@context":"https:\/\/schema.org","@graph":[{"@type":"WebPage","@id":"https:\/\/demartino.cl\/producto\/legado-sauvignon-blanc-semillon\/","url":"https:\/\/demartino.cl\/producto\/legado-sauvignon-blanc-semillon\/","name":"Legado Sauvignon Blanc-Semill\u00f3n - De Martino","isPartOf":{"@id":"https:\/\/demartino.cl\/en\/#website"},"primaryImageOfPage":{"@id":"https:\/\/demartino.cl\/producto\/legado-sauvignon-blanc-semillon\/#primaryimage"},"image":{"@id":"https:\/\/demartino.cl\/producto\/legado-sauvignon-blanc-semillon\/#primaryimage"},"thumbnailUrl":"https:\/\/demartino.cl\/wp-content\/uploads\/2022\/03\/De-Martino-Legado-Sauvignon-Blanc-Semillon-min.png","datePublished":"2022-03-29T12:19:39+00:00","dateModified":"2025-12-09T17:36:03+00:00","breadcrumb":{"@id":"https:\/\/demartino.cl\/producto\/legado-sauvignon-blanc-semillon\/#breadcrumb"},"inLanguage":"en-US","potentialAction":[{"@type":"ReadAction","target":["https:\/\/demartino.cl\/producto\/legado-sauvignon-blanc-semillon\/"]}]},{"@type":"ImageObject","inLanguage":"en-US","@id":"https:\/\/demartino.cl\/producto\/legado-sauvignon-blanc-semillon\/#primaryimage","url":"https:\/\/demartino.cl\/wp-content\/uploads\/2022\/03\/De-Martino-Legado-Sauvignon-Blanc-Semillon-min.png","contentUrl":"https:\/\/demartino.cl\/wp-content\/uploads\/2022\/03\/De-Martino-Legado-Sauvignon-Blanc-Semillon-min.png","width":443,"height":1200},{"@type":"BreadcrumbList","@id":"https:\/\/demartino.cl\/producto\/legado-sauvignon-blanc-semillon\/#breadcrumb","itemListElement":[{"@type":"ListItem","position":1,"name":"Portada","item":"https:\/\/demartino.cl\/"},{"@type":"ListItem","position":2,"name":"Productos","item":"https:\/\/demartino.cl\/shop\/"},{"@type":"ListItem","position":3,"name":"Legado Sauvignon Blanc-Semill\u00f3n"}]},{"@type":"WebSite","@id":"https:\/\/demartino.cl\/en\/#website","url":"https:\/\/demartino.cl\/en\/","name":"De Martino","description":"Vinos","potentialAction":[{"@type":"SearchAction","target":{"@type":"EntryPoint","urlTemplate":"https:\/\/demartino.cl\/en\/?s={search_term_string}"},"query-input":{"@type":"PropertyValueSpecification","valueRequired":true,"valueName":"search_term_string"}}],"inLanguage":"en-US"}]}},"_links":{"self":[{"href":"https:\/\/demartino.cl\/en\/wp-json\/wp\/v2\/product\/3351","targetHints":{"allow":["GET"]}}],"collection":[{"href":"https:\/\/demartino.cl\/en\/wp-json\/wp\/v2\/product"}],"about":[{"href":"https:\/\/demartino.cl\/en\/wp-json\/wp\/v2\/types\/product"}],"version-history":[{"count":2,"href":"https:\/\/demartino.cl\/en\/wp-json\/wp\/v2\/product\/3351\/revisions"}],"predecessor-version":[{"id":7101,"href":"https:\/\/demartino.cl\/en\/wp-json\/wp\/v2\/product\/3351\/revisions\/7101"}],"wp:featuredmedia":[{"embeddable":true,"href":"https:\/\/demartino.cl\/en\/wp-json\/wp\/v2\/media\/11494"}],"wp:attachment":[{"href":"https:\/\/demartino.cl\/en\/wp-json\/wp\/v2\/media?parent=3351"}],"wp:term":[{"taxonomy":"product_brand","embeddable":true,"href":"https:\/\/demartino.cl\/en\/wp-json\/wp\/v2\/product_brand?post=3351"},{"taxonomy":"product_cat","embeddable":true,"href":"https:\/\/demartino.cl\/en\/wp-json\/wp\/v2\/product_cat?post=3351"},{"taxonomy":"product_tag","embeddable":true,"href":"https:\/\/demartino.cl\/en\/wp-json\/wp\/v2\/product_tag?post=3351"}],"curies":[{"name":"wp","href":"https:\/\/api.w.org\/{rel}","templated":true}]}}