{"id":15354,"date":"2025-01-30T16:49:15","date_gmt":"2025-01-30T19:49:15","guid":{"rendered":"https:\/\/demartino.cl\/?post_type=product&#038;p=15354"},"modified":"2025-06-09T10:57:16","modified_gmt":"2025-06-09T14:57:16","slug":"ungrafted-malbec","status":"publish","type":"product","link":"https:\/\/demartino.cl\/en\/producto\/ungrafted-malbec\/","title":{"rendered":"Ungrafted Malbec"},"content":{"rendered":"","protected":false},"excerpt":{"rendered":"","protected":false},"featured_media":15355,"template":"","meta":{"_acf_changed":false},"product_brand":[],"product_cat":[878,67,387],"product_tag":[389],"class_list":{"0":"post-15354","1":"product","2":"type-product","3":"status-publish","4":"has-post-thumbnail","6":"product_cat-malbec-ungrafted","7":"product_cat-malbec","8":"product_cat-ungrafted","9":"product_tag-ungrafted","11":"first","12":"instock","13":"sale","14":"shipping-taxable","15":"purchasable","16":"product-type-simple"},"acf":{"categoria":"Ungrafted","titulo":"Ungrafted Malbec","do":"D. O. Maipo","descripcion":"<p class=\"titulo-ficha\" style=\"width: 100%; float: left;\">DESCRIPCI\u00d3N<\/p>Cultivar vides sin injertar hoy es un privilegio, ya que tienen la capacidad de transmitir su origen en su nivel m\u00e1s puro y son muy escasas.<strong>Ungrafted<\/strong> es un tributo a esa singularidad, que nos permite producir vinos de zonas reputadas con la m\u00e1xima expresi\u00f3n de terru\u00f1o, de la mano de una vinificaci\u00f3n con m\u00e9todos tradicionales para resaltar a\u00fan m\u00e1s el lugar sin m\u00e1scaras.","ficha_tecnica":"Cultivar vides sin injertar hoy es un privilegio, ya que tienen la capacidad de\r\ntransmitir su origen en su nivel m\u00e1s puro y son muy escasas. Ungrafted es un tributo a esa singularidad, que nos permite producir vinos de zonas reputadas con la m\u00e1xima expresi\u00f3n de terru\u00f1o, de la mano de una vinificaci\u00f3n con m\u00e9todos\r\ntradicionales para resaltar a\u00fan m\u00e1s el lugar sin m\u00e1scaras.\r\n\r\n<strong>ORIGEN<\/strong>\r\nEste vino proviene de un vi\u00f1edo de Isla de Maipo, en el coraz\u00f3n del Valle del Maipo. Este vi\u00f1edo est\u00e1 plantado en una terraza aluvial con suelos de grava que combinan perfectamente con esta variedad.\r\n\r\n<strong>VARIEDADES\r\n<\/strong>100% Malbec\r\n\r\n<strong>FECHA DE COSECHA<\/strong>\r\nLas uvas fueron cosechadas a mano la primera semana de abril.\r\n\r\n<strong>VINIFICACI\u00d3N Y CRIANZA<\/strong>\r\nTras la selecci\u00f3n y el despalillado, las uvas se trasladan a tanques de acero inoxidable, donde se someten a una maceraci\u00f3n en fr\u00edo antes de la fermentaci\u00f3n con sus levaduras nativas. El vino permanece un total de 30 d\u00edas en contacto con sus pieles. Posteriormente, el vino envejece durante seis meses en barricas neutras de roble franc\u00e9s para extraer sus caracter\u00edsticas inherentes.\r\n\r\n<strong>SUELO<\/strong>\r\nAluvial.\r\n\r\n<strong>CLIMA<\/strong>\r\nMediterr\u00e1neo templado.\r\n\r\n<strong>NOTAS DE CATA<\/strong>\r\nEste Malbec de Maipo tiene un profundo color p\u00farpura y un car\u00e1cter muy perfumado con intensas notas de violetas, ar\u00e1ndanos y grafito. Este Malbec presenta fruta fresca y crujiente con taninos muy suaves y una acidez viva con un final largo.","ficha_pdf":"","serie":"Ungrafted"},"yoast_head":"<!-- This site is optimized with the Yoast SEO plugin v26.0 - https:\/\/yoast.com\/wordpress\/plugins\/seo\/ -->\n<title>Ungrafted Malbec - De Martino<\/title>\n<meta name=\"description\" content=\"Cultivar vides sin injertar hoy es un privilegio, ya que tienen la capacidad detransmitir su origen en su nivel m\u00e1s puro y son muy escasas.\" \/>\n<meta name=\"robots\" content=\"index, follow, max-snippet:-1, max-image-preview:large, max-video-preview:-1\" \/>\n<link rel=\"canonical\" href=\"https:\/\/demartino.cl\/producto\/ungrafted-malbec\/\" \/>\n<meta property=\"og:locale\" content=\"en_US\" \/>\n<meta property=\"og:type\" content=\"article\" \/>\n<meta property=\"og:title\" content=\"Ungrafted Malbec - De Martino\" \/>\n<meta property=\"og:description\" content=\"Cultivar vides sin injertar hoy es un privilegio, ya que tienen la capacidad detransmitir su origen en su nivel m\u00e1s puro y son muy escasas.\" \/>\n<meta property=\"og:url\" content=\"https:\/\/demartino.cl\/producto\/ungrafted-malbec\/\" \/>\n<meta property=\"og:site_name\" content=\"De Martino\" \/>\n<meta property=\"article:modified_time\" content=\"2025-06-09T14:57:16+00:00\" \/>\n<meta property=\"og:image\" content=\"https:\/\/demartino.cl\/wp-content\/uploads\/2025\/01\/UNGRAFTED_MAIPO_MALBEC_2022-378x1024.png\" \/>\n\t<meta property=\"og:image:width\" content=\"378\" \/>\n\t<meta property=\"og:image:height\" content=\"1024\" \/>\n\t<meta property=\"og:image:type\" content=\"image\/png\" \/>\n<meta name=\"twitter:card\" content=\"summary_large_image\" \/>\n<meta name=\"twitter:label1\" content=\"Est. reading time\" \/>\n\t<meta name=\"twitter:data1\" content=\"1 minute\" \/>\n<script type=\"application\/ld+json\" class=\"yoast-schema-graph\">{\"@context\":\"https:\/\/schema.org\",\"@graph\":[{\"@type\":\"WebPage\",\"@id\":\"https:\/\/demartino.cl\/producto\/ungrafted-malbec\/\",\"url\":\"https:\/\/demartino.cl\/producto\/ungrafted-malbec\/\",\"name\":\"Ungrafted Malbec - De Martino\",\"isPartOf\":{\"@id\":\"https:\/\/demartino.cl\/en\/#website\"},\"primaryImageOfPage\":{\"@id\":\"https:\/\/demartino.cl\/producto\/ungrafted-malbec\/#primaryimage\"},\"image\":{\"@id\":\"https:\/\/demartino.cl\/producto\/ungrafted-malbec\/#primaryimage\"},\"thumbnailUrl\":\"https:\/\/demartino.cl\/wp-content\/uploads\/2025\/01\/UNGRAFTED_MAIPO_MALBEC_2022.png\",\"datePublished\":\"2025-01-30T19:49:15+00:00\",\"dateModified\":\"2025-06-09T14:57:16+00:00\",\"description\":\"Cultivar vides sin injertar hoy es un privilegio, ya que tienen la capacidad detransmitir su origen en su nivel m\u00e1s puro y son muy escasas.\",\"breadcrumb\":{\"@id\":\"https:\/\/demartino.cl\/producto\/ungrafted-malbec\/#breadcrumb\"},\"inLanguage\":\"en-US\",\"potentialAction\":[{\"@type\":\"ReadAction\",\"target\":[\"https:\/\/demartino.cl\/producto\/ungrafted-malbec\/\"]}]},{\"@type\":\"ImageObject\",\"inLanguage\":\"en-US\",\"@id\":\"https:\/\/demartino.cl\/producto\/ungrafted-malbec\/#primaryimage\",\"url\":\"https:\/\/demartino.cl\/wp-content\/uploads\/2025\/01\/UNGRAFTED_MAIPO_MALBEC_2022.png\",\"contentUrl\":\"https:\/\/demartino.cl\/wp-content\/uploads\/2025\/01\/UNGRAFTED_MAIPO_MALBEC_2022.png\",\"width\":1214,\"height\":3291,\"caption\":\"Ungrafted Malbec\"},{\"@type\":\"BreadcrumbList\",\"@id\":\"https:\/\/demartino.cl\/producto\/ungrafted-malbec\/#breadcrumb\",\"itemListElement\":[{\"@type\":\"ListItem\",\"position\":1,\"name\":\"Portada\",\"item\":\"https:\/\/demartino.cl\/\"},{\"@type\":\"ListItem\",\"position\":2,\"name\":\"Productos\",\"item\":\"https:\/\/demartino.cl\/shop\/\"},{\"@type\":\"ListItem\",\"position\":3,\"name\":\"Ungrafted Malbec\"}]},{\"@type\":\"WebSite\",\"@id\":\"https:\/\/demartino.cl\/en\/#website\",\"url\":\"https:\/\/demartino.cl\/en\/\",\"name\":\"De Martino\",\"description\":\"Vinos\",\"potentialAction\":[{\"@type\":\"SearchAction\",\"target\":{\"@type\":\"EntryPoint\",\"urlTemplate\":\"https:\/\/demartino.cl\/en\/?s={search_term_string}\"},\"query-input\":{\"@type\":\"PropertyValueSpecification\",\"valueRequired\":true,\"valueName\":\"search_term_string\"}}],\"inLanguage\":\"en-US\"}]}<\/script>\n<!-- \/ Yoast SEO plugin. -->","yoast_head_json":{"title":"Ungrafted Malbec - De Martino","description":"Cultivar vides sin injertar hoy es un privilegio, ya que tienen la capacidad detransmitir su origen en su nivel m\u00e1s puro y son muy escasas.","robots":{"index":"index","follow":"follow","max-snippet":"max-snippet:-1","max-image-preview":"max-image-preview:large","max-video-preview":"max-video-preview:-1"},"canonical":"https:\/\/demartino.cl\/producto\/ungrafted-malbec\/","og_locale":"en_US","og_type":"article","og_title":"Ungrafted Malbec - De Martino","og_description":"Cultivar vides sin injertar hoy es un privilegio, ya que tienen la capacidad detransmitir su origen en su nivel m\u00e1s puro y son muy escasas.","og_url":"https:\/\/demartino.cl\/producto\/ungrafted-malbec\/","og_site_name":"De Martino","article_modified_time":"2025-06-09T14:57:16+00:00","og_image":[{"width":378,"height":1024,"url":"https:\/\/demartino.cl\/wp-content\/uploads\/2025\/01\/UNGRAFTED_MAIPO_MALBEC_2022-378x1024.png","type":"image\/png"}],"twitter_card":"summary_large_image","twitter_misc":{"Est. reading time":"1 minute"},"schema":{"@context":"https:\/\/schema.org","@graph":[{"@type":"WebPage","@id":"https:\/\/demartino.cl\/producto\/ungrafted-malbec\/","url":"https:\/\/demartino.cl\/producto\/ungrafted-malbec\/","name":"Ungrafted Malbec - De Martino","isPartOf":{"@id":"https:\/\/demartino.cl\/en\/#website"},"primaryImageOfPage":{"@id":"https:\/\/demartino.cl\/producto\/ungrafted-malbec\/#primaryimage"},"image":{"@id":"https:\/\/demartino.cl\/producto\/ungrafted-malbec\/#primaryimage"},"thumbnailUrl":"https:\/\/demartino.cl\/wp-content\/uploads\/2025\/01\/UNGRAFTED_MAIPO_MALBEC_2022.png","datePublished":"2025-01-30T19:49:15+00:00","dateModified":"2025-06-09T14:57:16+00:00","description":"Cultivar vides sin injertar hoy es un privilegio, ya que tienen la capacidad detransmitir su origen en su nivel m\u00e1s puro y son muy escasas.","breadcrumb":{"@id":"https:\/\/demartino.cl\/producto\/ungrafted-malbec\/#breadcrumb"},"inLanguage":"en-US","potentialAction":[{"@type":"ReadAction","target":["https:\/\/demartino.cl\/producto\/ungrafted-malbec\/"]}]},{"@type":"ImageObject","inLanguage":"en-US","@id":"https:\/\/demartino.cl\/producto\/ungrafted-malbec\/#primaryimage","url":"https:\/\/demartino.cl\/wp-content\/uploads\/2025\/01\/UNGRAFTED_MAIPO_MALBEC_2022.png","contentUrl":"https:\/\/demartino.cl\/wp-content\/uploads\/2025\/01\/UNGRAFTED_MAIPO_MALBEC_2022.png","width":1214,"height":3291,"caption":"Ungrafted Malbec"},{"@type":"BreadcrumbList","@id":"https:\/\/demartino.cl\/producto\/ungrafted-malbec\/#breadcrumb","itemListElement":[{"@type":"ListItem","position":1,"name":"Portada","item":"https:\/\/demartino.cl\/"},{"@type":"ListItem","position":2,"name":"Productos","item":"https:\/\/demartino.cl\/shop\/"},{"@type":"ListItem","position":3,"name":"Ungrafted Malbec"}]},{"@type":"WebSite","@id":"https:\/\/demartino.cl\/en\/#website","url":"https:\/\/demartino.cl\/en\/","name":"De Martino","description":"Vinos","potentialAction":[{"@type":"SearchAction","target":{"@type":"EntryPoint","urlTemplate":"https:\/\/demartino.cl\/en\/?s={search_term_string}"},"query-input":{"@type":"PropertyValueSpecification","valueRequired":true,"valueName":"search_term_string"}}],"inLanguage":"en-US"}]}},"_links":{"self":[{"href":"https:\/\/demartino.cl\/en\/wp-json\/wp\/v2\/product\/15354","targetHints":{"allow":["GET"]}}],"collection":[{"href":"https:\/\/demartino.cl\/en\/wp-json\/wp\/v2\/product"}],"about":[{"href":"https:\/\/demartino.cl\/en\/wp-json\/wp\/v2\/types\/product"}],"version-history":[{"count":1,"href":"https:\/\/demartino.cl\/en\/wp-json\/wp\/v2\/product\/15354\/revisions"}],"predecessor-version":[{"id":15357,"href":"https:\/\/demartino.cl\/en\/wp-json\/wp\/v2\/product\/15354\/revisions\/15357"}],"wp:featuredmedia":[{"embeddable":true,"href":"https:\/\/demartino.cl\/en\/wp-json\/wp\/v2\/media\/15355"}],"wp:attachment":[{"href":"https:\/\/demartino.cl\/en\/wp-json\/wp\/v2\/media?parent=15354"}],"wp:term":[{"taxonomy":"product_brand","embeddable":true,"href":"https:\/\/demartino.cl\/en\/wp-json\/wp\/v2\/product_brand?post=15354"},{"taxonomy":"product_cat","embeddable":true,"href":"https:\/\/demartino.cl\/en\/wp-json\/wp\/v2\/product_cat?post=15354"},{"taxonomy":"product_tag","embeddable":true,"href":"https:\/\/demartino.cl\/en\/wp-json\/wp\/v2\/product_tag?post=15354"}],"curies":[{"name":"wp","href":"https:\/\/api.w.org\/{rel}","templated":true}]}}