{"id":14314,"date":"2024-12-13T11:57:11","date_gmt":"2024-12-13T14:57:11","guid":{"rendered":"https:\/\/demartino.cl\/?post_type=product&#038;p=14314"},"modified":"2026-04-07T10:29:18","modified_gmt":"2026-04-07T14:29:18","slug":"pack-vertical-cuvee-gran-vino","status":"publish","type":"product","link":"https:\/\/demartino.cl\/en\/producto\/pack-vertical-cuvee-gran-vino\/","title":{"rendered":"Pack Vertical Cuv\u00e9e Gran Vino"},"content":{"rendered":"","protected":false},"excerpt":{"rendered":"","protected":false},"featured_media":14315,"template":"","meta":{"_acf_changed":false},"product_brand":[],"product_cat":[59,783,788,466,245],"product_tag":[35,870,869,872,873,874,871],"class_list":{"0":"post-14314","1":"product","2":"type-product","3":"status-publish","4":"has-post-thumbnail","6":"product_cat-cabernet-sauvignon","7":"product_cat-gran-cuvee","8":"product_cat-gran-vino-cuvee","9":"product_cat-mejores-puntajes","10":"product_cat-promocion","11":"product_tag-cabernet-sauvignon","12":"product_tag-cuvee","13":"product_tag-gran-vino","14":"product_tag-icono","15":"product_tag-vertical","16":"product_tag-vino-fino","17":"product_tag-vino-icono","19":"first","20":"instock","21":"sale","22":"shipping-taxable","23":"purchasable","24":"product-type-simple"},"acf":{"categoria":"Cuvee","titulo":"Pack Vertical Cuv\u00e9e Gran Vino","do":"D. O. Maipo","descripcion":"Vertical Cuv\u00e9e 2020 - 2021 - 2022","ficha_tecnica":"Disfruta de una gran vertical de nuestro gran vino Cuv\u00e9e en sus tres a\u00f1adas en una caja de madera de regalo para esta navidad.\r\n<ul>\r\n \t<li>Cuv\u00e9e 2020<\/li>\r\n \t<li>Cuv\u00e9e 2021<\/li>\r\n \t<li>Cuv\u00e9e 2022<\/li>\r\n<\/ul>\r\n&nbsp;","ficha_pdf":"","serie":""},"yoast_head":"<!-- This site is optimized with the Yoast SEO plugin v26.0 - https:\/\/yoast.com\/wordpress\/plugins\/seo\/ -->\n<title>Pack Vertical Cuv\u00e9e Gran Vino - Cabernet Sauvignon \u00cdcono<\/title>\n<meta name=\"description\" content=\"Regala esta navidad esta vertical del gran vino Cuv\u00e9e 2020, 2021 y 2022. Disfruta del mejor Cabernet Sauvignon de Chile, vinos \u00edconos en caja de madera.\" \/>\n<meta name=\"robots\" content=\"index, follow, max-snippet:-1, max-image-preview:large, max-video-preview:-1\" \/>\n<link rel=\"canonical\" href=\"https:\/\/demartino.cl\/producto\/pack-vertical-cuvee-gran-vino\/\" \/>\n<meta property=\"og:locale\" content=\"en_US\" \/>\n<meta property=\"og:type\" content=\"article\" \/>\n<meta property=\"og:title\" content=\"Pack Vertical Cuv\u00e9e Gran Vino - Cabernet Sauvignon \u00cdcono\" \/>\n<meta property=\"og:description\" content=\"Regala esta navidad esta vertical del gran vino Cuv\u00e9e 2020, 2021 y 2022. Disfruta del mejor Cabernet Sauvignon de Chile, vinos \u00edconos en caja de madera.\" \/>\n<meta property=\"og:url\" content=\"https:\/\/demartino.cl\/producto\/pack-vertical-cuvee-gran-vino\/\" \/>\n<meta property=\"og:site_name\" content=\"De Martino\" \/>\n<meta property=\"article:modified_time\" content=\"2026-04-07T14:29:18+00:00\" \/>\n<meta property=\"og:image\" content=\"https:\/\/demartino.cl\/wp-content\/uploads\/2024\/12\/8.png\" \/>\n\t<meta property=\"og:image:width\" content=\"1214\" \/>\n\t<meta property=\"og:image:height\" content=\"3291\" \/>\n\t<meta property=\"og:image:type\" content=\"image\/png\" \/>\n<meta name=\"twitter:card\" content=\"summary_large_image\" \/>\n<meta name=\"twitter:label1\" content=\"Est. reading time\" \/>\n\t<meta name=\"twitter:data1\" content=\"1 minute\" \/>\n<script type=\"application\/ld+json\" class=\"yoast-schema-graph\">{\"@context\":\"https:\/\/schema.org\",\"@graph\":[{\"@type\":\"WebPage\",\"@id\":\"https:\/\/demartino.cl\/producto\/pack-vertical-cuvee-gran-vino\/\",\"url\":\"https:\/\/demartino.cl\/producto\/pack-vertical-cuvee-gran-vino\/\",\"name\":\"Pack Vertical Cuv\u00e9e Gran Vino - Cabernet Sauvignon \u00cdcono\",\"isPartOf\":{\"@id\":\"https:\/\/demartino.cl\/en\/#website\"},\"primaryImageOfPage\":{\"@id\":\"https:\/\/demartino.cl\/producto\/pack-vertical-cuvee-gran-vino\/#primaryimage\"},\"image\":{\"@id\":\"https:\/\/demartino.cl\/producto\/pack-vertical-cuvee-gran-vino\/#primaryimage\"},\"thumbnailUrl\":\"https:\/\/demartino.cl\/wp-content\/uploads\/2024\/12\/8.png\",\"datePublished\":\"2024-12-13T14:57:11+00:00\",\"dateModified\":\"2026-04-07T14:29:18+00:00\",\"description\":\"Regala esta navidad esta vertical del gran vino Cuv\u00e9e 2020, 2021 y 2022. Disfruta del mejor Cabernet Sauvignon de Chile, vinos \u00edconos en caja de madera.\",\"breadcrumb\":{\"@id\":\"https:\/\/demartino.cl\/producto\/pack-vertical-cuvee-gran-vino\/#breadcrumb\"},\"inLanguage\":\"en-US\",\"potentialAction\":[{\"@type\":\"ReadAction\",\"target\":[\"https:\/\/demartino.cl\/producto\/pack-vertical-cuvee-gran-vino\/\"]}]},{\"@type\":\"ImageObject\",\"inLanguage\":\"en-US\",\"@id\":\"https:\/\/demartino.cl\/producto\/pack-vertical-cuvee-gran-vino\/#primaryimage\",\"url\":\"https:\/\/demartino.cl\/wp-content\/uploads\/2024\/12\/8.png\",\"contentUrl\":\"https:\/\/demartino.cl\/wp-content\/uploads\/2024\/12\/8.png\",\"width\":1214,\"height\":3291},{\"@type\":\"BreadcrumbList\",\"@id\":\"https:\/\/demartino.cl\/producto\/pack-vertical-cuvee-gran-vino\/#breadcrumb\",\"itemListElement\":[{\"@type\":\"ListItem\",\"position\":1,\"name\":\"Portada\",\"item\":\"https:\/\/demartino.cl\/\"},{\"@type\":\"ListItem\",\"position\":2,\"name\":\"Productos\",\"item\":\"https:\/\/demartino.cl\/shop\/\"},{\"@type\":\"ListItem\",\"position\":3,\"name\":\"Pack Vertical Cuv\u00e9e Gran Vino\"}]},{\"@type\":\"WebSite\",\"@id\":\"https:\/\/demartino.cl\/en\/#website\",\"url\":\"https:\/\/demartino.cl\/en\/\",\"name\":\"De Martino\",\"description\":\"Vinos\",\"potentialAction\":[{\"@type\":\"SearchAction\",\"target\":{\"@type\":\"EntryPoint\",\"urlTemplate\":\"https:\/\/demartino.cl\/en\/?s={search_term_string}\"},\"query-input\":{\"@type\":\"PropertyValueSpecification\",\"valueRequired\":true,\"valueName\":\"search_term_string\"}}],\"inLanguage\":\"en-US\"}]}<\/script>\n<!-- \/ Yoast SEO plugin. -->","yoast_head_json":{"title":"Pack Vertical Cuv\u00e9e Gran Vino - Cabernet Sauvignon \u00cdcono","description":"Regala esta navidad esta vertical del gran vino Cuv\u00e9e 2020, 2021 y 2022. Disfruta del mejor Cabernet Sauvignon de Chile, vinos \u00edconos en caja de madera.","robots":{"index":"index","follow":"follow","max-snippet":"max-snippet:-1","max-image-preview":"max-image-preview:large","max-video-preview":"max-video-preview:-1"},"canonical":"https:\/\/demartino.cl\/producto\/pack-vertical-cuvee-gran-vino\/","og_locale":"en_US","og_type":"article","og_title":"Pack Vertical Cuv\u00e9e Gran Vino - Cabernet Sauvignon \u00cdcono","og_description":"Regala esta navidad esta vertical del gran vino Cuv\u00e9e 2020, 2021 y 2022. Disfruta del mejor Cabernet Sauvignon de Chile, vinos \u00edconos en caja de madera.","og_url":"https:\/\/demartino.cl\/producto\/pack-vertical-cuvee-gran-vino\/","og_site_name":"De Martino","article_modified_time":"2026-04-07T14:29:18+00:00","og_image":[{"width":1214,"height":3291,"url":"https:\/\/demartino.cl\/wp-content\/uploads\/2024\/12\/8.png","type":"image\/png"}],"twitter_card":"summary_large_image","twitter_misc":{"Est. reading time":"1 minute"},"schema":{"@context":"https:\/\/schema.org","@graph":[{"@type":"WebPage","@id":"https:\/\/demartino.cl\/producto\/pack-vertical-cuvee-gran-vino\/","url":"https:\/\/demartino.cl\/producto\/pack-vertical-cuvee-gran-vino\/","name":"Pack Vertical Cuv\u00e9e Gran Vino - Cabernet Sauvignon \u00cdcono","isPartOf":{"@id":"https:\/\/demartino.cl\/en\/#website"},"primaryImageOfPage":{"@id":"https:\/\/demartino.cl\/producto\/pack-vertical-cuvee-gran-vino\/#primaryimage"},"image":{"@id":"https:\/\/demartino.cl\/producto\/pack-vertical-cuvee-gran-vino\/#primaryimage"},"thumbnailUrl":"https:\/\/demartino.cl\/wp-content\/uploads\/2024\/12\/8.png","datePublished":"2024-12-13T14:57:11+00:00","dateModified":"2026-04-07T14:29:18+00:00","description":"Regala esta navidad esta vertical del gran vino Cuv\u00e9e 2020, 2021 y 2022. Disfruta del mejor Cabernet Sauvignon de Chile, vinos \u00edconos en caja de madera.","breadcrumb":{"@id":"https:\/\/demartino.cl\/producto\/pack-vertical-cuvee-gran-vino\/#breadcrumb"},"inLanguage":"en-US","potentialAction":[{"@type":"ReadAction","target":["https:\/\/demartino.cl\/producto\/pack-vertical-cuvee-gran-vino\/"]}]},{"@type":"ImageObject","inLanguage":"en-US","@id":"https:\/\/demartino.cl\/producto\/pack-vertical-cuvee-gran-vino\/#primaryimage","url":"https:\/\/demartino.cl\/wp-content\/uploads\/2024\/12\/8.png","contentUrl":"https:\/\/demartino.cl\/wp-content\/uploads\/2024\/12\/8.png","width":1214,"height":3291},{"@type":"BreadcrumbList","@id":"https:\/\/demartino.cl\/producto\/pack-vertical-cuvee-gran-vino\/#breadcrumb","itemListElement":[{"@type":"ListItem","position":1,"name":"Portada","item":"https:\/\/demartino.cl\/"},{"@type":"ListItem","position":2,"name":"Productos","item":"https:\/\/demartino.cl\/shop\/"},{"@type":"ListItem","position":3,"name":"Pack Vertical Cuv\u00e9e Gran Vino"}]},{"@type":"WebSite","@id":"https:\/\/demartino.cl\/en\/#website","url":"https:\/\/demartino.cl\/en\/","name":"De Martino","description":"Vinos","potentialAction":[{"@type":"SearchAction","target":{"@type":"EntryPoint","urlTemplate":"https:\/\/demartino.cl\/en\/?s={search_term_string}"},"query-input":{"@type":"PropertyValueSpecification","valueRequired":true,"valueName":"search_term_string"}}],"inLanguage":"en-US"}]}},"_links":{"self":[{"href":"https:\/\/demartino.cl\/en\/wp-json\/wp\/v2\/product\/14314","targetHints":{"allow":["GET"]}}],"collection":[{"href":"https:\/\/demartino.cl\/en\/wp-json\/wp\/v2\/product"}],"about":[{"href":"https:\/\/demartino.cl\/en\/wp-json\/wp\/v2\/types\/product"}],"version-history":[{"count":1,"href":"https:\/\/demartino.cl\/en\/wp-json\/wp\/v2\/product\/14314\/revisions"}],"predecessor-version":[{"id":14319,"href":"https:\/\/demartino.cl\/en\/wp-json\/wp\/v2\/product\/14314\/revisions\/14319"}],"wp:featuredmedia":[{"embeddable":true,"href":"https:\/\/demartino.cl\/en\/wp-json\/wp\/v2\/media\/14315"}],"wp:attachment":[{"href":"https:\/\/demartino.cl\/en\/wp-json\/wp\/v2\/media?parent=14314"}],"wp:term":[{"taxonomy":"product_brand","embeddable":true,"href":"https:\/\/demartino.cl\/en\/wp-json\/wp\/v2\/product_brand?post=14314"},{"taxonomy":"product_cat","embeddable":true,"href":"https:\/\/demartino.cl\/en\/wp-json\/wp\/v2\/product_cat?post=14314"},{"taxonomy":"product_tag","embeddable":true,"href":"https:\/\/demartino.cl\/en\/wp-json\/wp\/v2\/product_tag?post=14314"}],"curies":[{"name":"wp","href":"https:\/\/api.w.org\/{rel}","templated":true}]}}