{"id":10886,"date":"2023-12-04T12:51:01","date_gmt":"2023-12-04T15:51:01","guid":{"rendered":"https:\/\/demartino.cl\/?post_type=product&#038;p=10886"},"modified":"2025-11-28T09:19:01","modified_gmt":"2025-11-28T12:19:01","slug":"gran-vino-cuvee-2021","status":"publish","type":"product","link":"https:\/\/demartino.cl\/en\/producto\/gran-vino-cuvee-2021\/","title":{"rendered":"Gran Vino Cuv\u00e9e 2021"},"content":{"rendered":"","protected":false},"excerpt":{"rendered":"","protected":false},"featured_media":11464,"template":"","meta":{"_acf_changed":false},"product_brand":[],"product_cat":[59,783],"product_tag":[52],"class_list":{"0":"post-10886","1":"product","2":"type-product","3":"status-publish","4":"has-post-thumbnail","6":"product_cat-cabernet-sauvignon","7":"product_cat-gran-cuvee","8":"product_tag-d-o-maipo","10":"first","11":"instock","12":"shipping-taxable","13":"purchasable","14":"product-type-simple"},"acf":{"categoria":"Cabernet Sauvignon","titulo":"Gran Vino Cuv\u00e9e 2021","do":"D. O. Maipo","descripcion":"<p class=\"titulo-ficha\" style=\"width: 100%; float: left;\">DESCRIPCI\u00d3N<\/p><div>Cuv\u00e9e es el Gran Vino de De Martino, el cual proviene del emblem\u00e1tico vi\u00f1edo Santa In\u00e9s en Isla de Maipo. Producido en peque\u00f1as cantidades, y solo en aquellas a\u00f1adas \u00f3ptimas, el vino refleja el estilo de la casa en su m\u00e1xima expresi\u00f3n.<\/div>","ficha_tecnica":"<strong>FICHA T\u00c9CNICA<\/strong>\r\n\r\n<strong>ORIGEN<\/strong>\r\nProviene del Vi\u00f1edo Santa In\u00e9s en Isla de Maipo, Valle del Maipo. De este mismo vi\u00f1edo tienen su origen los emblem\u00e1ticos vinos La Blanca Semill\u00f3n, Alto de Piedras Carmen\u00e8re y La Cancha Cabernet Sauvignon.\r\n\r\n<strong>VARIEDAD <\/strong>\r\nCabernet Sauvignon 91%, Malbec 5% y Petit Verdot 4%\r\n\r\n<strong>DENSIDAD <\/strong>\r\n4.166 plantas por hect\u00e1rea. Son tres cuarteles de una extensi\u00f3n de 1,6 hect\u00e1reas plantados en 1997 y 1999.\r\n\r\n<strong>SUELO<\/strong>\r\nDep\u00f3sitos aluviales en donde predomina un alto contenido de gravas con presencia de carbonato de calcio.\r\n\r\n<strong>GUARDA<\/strong>\r\nPara beber ahora y con potencial de guarda entre 15 y 20 a\u00f1os para alcanzar su m\u00e1xima plenitud.\r\n\r\n<strong>N\u00daMERO DE\u00a0BOTELLAS<\/strong>\r\n3.376","ficha_pdf":10887,"serie":""},"yoast_head":"<!-- This site is optimized with the Yoast SEO plugin v26.0 - https:\/\/yoast.com\/wordpress\/plugins\/seo\/ -->\n<title>Gran Vino Cuv\u00e9e 2021 - De Martino<\/title>\n<meta name=\"description\" content=\"Cuv\u00e9e es el Gran Vino de De Martino, premiado con 99 puntos en Descorchados 2024 y como &quot;Mejor Tinto&quot; de Chile y &quot;Mejor Cabernet Sauvignon&quot;. Comprar aqu\u00ed.\" \/>\n<meta name=\"robots\" content=\"index, follow, max-snippet:-1, max-image-preview:large, max-video-preview:-1\" \/>\n<link rel=\"canonical\" href=\"https:\/\/demartino.cl\/producto\/gran-vino-cuvee-2021\/\" \/>\n<meta property=\"og:locale\" content=\"en_US\" \/>\n<meta property=\"og:type\" content=\"article\" \/>\n<meta property=\"og:title\" content=\"Gran Vino Cuv\u00e9e 2021 - De Martino\" \/>\n<meta property=\"og:description\" content=\"Cuv\u00e9e es el Gran Vino de De Martino, premiado con 99 puntos en Descorchados 2024 y como &quot;Mejor Tinto&quot; de Chile y &quot;Mejor Cabernet Sauvignon&quot;. Comprar aqu\u00ed.\" \/>\n<meta property=\"og:url\" content=\"https:\/\/demartino.cl\/producto\/gran-vino-cuvee-2021\/\" \/>\n<meta property=\"og:site_name\" content=\"De Martino\" \/>\n<meta property=\"article:modified_time\" content=\"2025-11-28T12:19:01+00:00\" \/>\n<meta property=\"og:image\" content=\"https:\/\/demartino.cl\/wp-content\/uploads\/2023\/12\/De-Martino-Gran-Vino-Cuvee-2021-min.png\" \/>\n\t<meta property=\"og:image:width\" content=\"368\" \/>\n\t<meta property=\"og:image:height\" content=\"1200\" \/>\n\t<meta property=\"og:image:type\" content=\"image\/png\" \/>\n<meta name=\"twitter:card\" content=\"summary_large_image\" \/>\n<meta name=\"twitter:label1\" content=\"Est. reading time\" \/>\n\t<meta name=\"twitter:data1\" content=\"1 minute\" \/>\n<script type=\"application\/ld+json\" class=\"yoast-schema-graph\">{\"@context\":\"https:\/\/schema.org\",\"@graph\":[{\"@type\":\"WebPage\",\"@id\":\"https:\/\/demartino.cl\/producto\/gran-vino-cuvee-2021\/\",\"url\":\"https:\/\/demartino.cl\/producto\/gran-vino-cuvee-2021\/\",\"name\":\"Gran Vino Cuv\u00e9e 2021 - De Martino\",\"isPartOf\":{\"@id\":\"https:\/\/demartino.cl\/en\/#website\"},\"primaryImageOfPage\":{\"@id\":\"https:\/\/demartino.cl\/producto\/gran-vino-cuvee-2021\/#primaryimage\"},\"image\":{\"@id\":\"https:\/\/demartino.cl\/producto\/gran-vino-cuvee-2021\/#primaryimage\"},\"thumbnailUrl\":\"https:\/\/demartino.cl\/wp-content\/uploads\/2023\/12\/De-Martino-Gran-Vino-Cuvee-2021-min.png\",\"datePublished\":\"2023-12-04T15:51:01+00:00\",\"dateModified\":\"2025-11-28T12:19:01+00:00\",\"description\":\"Cuv\u00e9e es el Gran Vino de De Martino, premiado con 99 puntos en Descorchados 2024 y como \\\"Mejor Tinto\\\" de Chile y \\\"Mejor Cabernet Sauvignon\\\". Comprar aqu\u00ed.\",\"breadcrumb\":{\"@id\":\"https:\/\/demartino.cl\/producto\/gran-vino-cuvee-2021\/#breadcrumb\"},\"inLanguage\":\"en-US\",\"potentialAction\":[{\"@type\":\"ReadAction\",\"target\":[\"https:\/\/demartino.cl\/producto\/gran-vino-cuvee-2021\/\"]}]},{\"@type\":\"ImageObject\",\"inLanguage\":\"en-US\",\"@id\":\"https:\/\/demartino.cl\/producto\/gran-vino-cuvee-2021\/#primaryimage\",\"url\":\"https:\/\/demartino.cl\/wp-content\/uploads\/2023\/12\/De-Martino-Gran-Vino-Cuvee-2021-min.png\",\"contentUrl\":\"https:\/\/demartino.cl\/wp-content\/uploads\/2023\/12\/De-Martino-Gran-Vino-Cuvee-2021-min.png\",\"width\":368,\"height\":1200},{\"@type\":\"BreadcrumbList\",\"@id\":\"https:\/\/demartino.cl\/producto\/gran-vino-cuvee-2021\/#breadcrumb\",\"itemListElement\":[{\"@type\":\"ListItem\",\"position\":1,\"name\":\"Portada\",\"item\":\"https:\/\/demartino.cl\/\"},{\"@type\":\"ListItem\",\"position\":2,\"name\":\"Productos\",\"item\":\"https:\/\/demartino.cl\/shop\/\"},{\"@type\":\"ListItem\",\"position\":3,\"name\":\"Gran Vino Cuv\u00e9e 2021\"}]},{\"@type\":\"WebSite\",\"@id\":\"https:\/\/demartino.cl\/en\/#website\",\"url\":\"https:\/\/demartino.cl\/en\/\",\"name\":\"De Martino\",\"description\":\"Vinos\",\"potentialAction\":[{\"@type\":\"SearchAction\",\"target\":{\"@type\":\"EntryPoint\",\"urlTemplate\":\"https:\/\/demartino.cl\/en\/?s={search_term_string}\"},\"query-input\":{\"@type\":\"PropertyValueSpecification\",\"valueRequired\":true,\"valueName\":\"search_term_string\"}}],\"inLanguage\":\"en-US\"}]}<\/script>\n<!-- \/ Yoast SEO plugin. -->","yoast_head_json":{"title":"Gran Vino Cuv\u00e9e 2021 - De Martino","description":"Cuv\u00e9e es el Gran Vino de De Martino, premiado con 99 puntos en Descorchados 2024 y como \"Mejor Tinto\" de Chile y \"Mejor Cabernet Sauvignon\". Comprar aqu\u00ed.","robots":{"index":"index","follow":"follow","max-snippet":"max-snippet:-1","max-image-preview":"max-image-preview:large","max-video-preview":"max-video-preview:-1"},"canonical":"https:\/\/demartino.cl\/producto\/gran-vino-cuvee-2021\/","og_locale":"en_US","og_type":"article","og_title":"Gran Vino Cuv\u00e9e 2021 - De Martino","og_description":"Cuv\u00e9e es el Gran Vino de De Martino, premiado con 99 puntos en Descorchados 2024 y como \"Mejor Tinto\" de Chile y \"Mejor Cabernet Sauvignon\". Comprar aqu\u00ed.","og_url":"https:\/\/demartino.cl\/producto\/gran-vino-cuvee-2021\/","og_site_name":"De Martino","article_modified_time":"2025-11-28T12:19:01+00:00","og_image":[{"width":368,"height":1200,"url":"https:\/\/demartino.cl\/wp-content\/uploads\/2023\/12\/De-Martino-Gran-Vino-Cuvee-2021-min.png","type":"image\/png"}],"twitter_card":"summary_large_image","twitter_misc":{"Est. reading time":"1 minute"},"schema":{"@context":"https:\/\/schema.org","@graph":[{"@type":"WebPage","@id":"https:\/\/demartino.cl\/producto\/gran-vino-cuvee-2021\/","url":"https:\/\/demartino.cl\/producto\/gran-vino-cuvee-2021\/","name":"Gran Vino Cuv\u00e9e 2021 - De Martino","isPartOf":{"@id":"https:\/\/demartino.cl\/en\/#website"},"primaryImageOfPage":{"@id":"https:\/\/demartino.cl\/producto\/gran-vino-cuvee-2021\/#primaryimage"},"image":{"@id":"https:\/\/demartino.cl\/producto\/gran-vino-cuvee-2021\/#primaryimage"},"thumbnailUrl":"https:\/\/demartino.cl\/wp-content\/uploads\/2023\/12\/De-Martino-Gran-Vino-Cuvee-2021-min.png","datePublished":"2023-12-04T15:51:01+00:00","dateModified":"2025-11-28T12:19:01+00:00","description":"Cuv\u00e9e es el Gran Vino de De Martino, premiado con 99 puntos en Descorchados 2024 y como \"Mejor Tinto\" de Chile y \"Mejor Cabernet Sauvignon\". Comprar aqu\u00ed.","breadcrumb":{"@id":"https:\/\/demartino.cl\/producto\/gran-vino-cuvee-2021\/#breadcrumb"},"inLanguage":"en-US","potentialAction":[{"@type":"ReadAction","target":["https:\/\/demartino.cl\/producto\/gran-vino-cuvee-2021\/"]}]},{"@type":"ImageObject","inLanguage":"en-US","@id":"https:\/\/demartino.cl\/producto\/gran-vino-cuvee-2021\/#primaryimage","url":"https:\/\/demartino.cl\/wp-content\/uploads\/2023\/12\/De-Martino-Gran-Vino-Cuvee-2021-min.png","contentUrl":"https:\/\/demartino.cl\/wp-content\/uploads\/2023\/12\/De-Martino-Gran-Vino-Cuvee-2021-min.png","width":368,"height":1200},{"@type":"BreadcrumbList","@id":"https:\/\/demartino.cl\/producto\/gran-vino-cuvee-2021\/#breadcrumb","itemListElement":[{"@type":"ListItem","position":1,"name":"Portada","item":"https:\/\/demartino.cl\/"},{"@type":"ListItem","position":2,"name":"Productos","item":"https:\/\/demartino.cl\/shop\/"},{"@type":"ListItem","position":3,"name":"Gran Vino Cuv\u00e9e 2021"}]},{"@type":"WebSite","@id":"https:\/\/demartino.cl\/en\/#website","url":"https:\/\/demartino.cl\/en\/","name":"De Martino","description":"Vinos","potentialAction":[{"@type":"SearchAction","target":{"@type":"EntryPoint","urlTemplate":"https:\/\/demartino.cl\/en\/?s={search_term_string}"},"query-input":{"@type":"PropertyValueSpecification","valueRequired":true,"valueName":"search_term_string"}}],"inLanguage":"en-US"}]}},"_links":{"self":[{"href":"https:\/\/demartino.cl\/en\/wp-json\/wp\/v2\/product\/10886","targetHints":{"allow":["GET"]}}],"collection":[{"href":"https:\/\/demartino.cl\/en\/wp-json\/wp\/v2\/product"}],"about":[{"href":"https:\/\/demartino.cl\/en\/wp-json\/wp\/v2\/types\/product"}],"version-history":[{"count":1,"href":"https:\/\/demartino.cl\/en\/wp-json\/wp\/v2\/product\/10886\/revisions"}],"predecessor-version":[{"id":10891,"href":"https:\/\/demartino.cl\/en\/wp-json\/wp\/v2\/product\/10886\/revisions\/10891"}],"wp:featuredmedia":[{"embeddable":true,"href":"https:\/\/demartino.cl\/en\/wp-json\/wp\/v2\/media\/11464"}],"wp:attachment":[{"href":"https:\/\/demartino.cl\/en\/wp-json\/wp\/v2\/media?parent=10886"}],"wp:term":[{"taxonomy":"product_brand","embeddable":true,"href":"https:\/\/demartino.cl\/en\/wp-json\/wp\/v2\/product_brand?post=10886"},{"taxonomy":"product_cat","embeddable":true,"href":"https:\/\/demartino.cl\/en\/wp-json\/wp\/v2\/product_cat?post=10886"},{"taxonomy":"product_tag","embeddable":true,"href":"https:\/\/demartino.cl\/en\/wp-json\/wp\/v2\/product_tag?post=10886"}],"curies":[{"name":"wp","href":"https:\/\/api.w.org\/{rel}","templated":true}]}}