{"id":5442,"date":"2020-05-13T10:21:58","date_gmt":"2020-05-13T14:21:58","guid":{"rendered":"https:\/\/demartino.cl\/?page_id=5442"},"modified":"2024-02-13T16:41:39","modified_gmt":"2024-02-13T19:41:39","slug":"cellar-collection-en","status":"publish","type":"page","link":"https:\/\/demartino.cl\/en\/cellar-collection-en\/","title":{"rendered":"Cellar Collection EN"},"content":{"rendered":"\t\t<div data-elementor-type=\"wp-page\" data-elementor-id=\"5442\" class=\"elementor elementor-5442 elementor-1165\">\n\t\t\t\t\t\t<section class=\"elementor-section elementor-top-section elementor-element elementor-element-462cede2 elementor-section-boxed elementor-section-height-default elementor-section-height-default elementor-invisible\" data-id=\"462cede2\" data-element_type=\"section\" data-e-type=\"section\" data-settings=\"{&quot;animation&quot;:&quot;fadeInUp&quot;,&quot;animation_delay&quot;:&quot;150&quot;,&quot;background_background&quot;:&quot;classic&quot;}\">\r\n\t\t\r\n\t\t\t\t\t\t\t<div class=\"elementor-container elementor-column-gap-default\">\r\n\t\t\t\t\t\t\t\t\t\t\t<div class=\"elementor-column elementor-col-100 elementor-top-column elementor-element elementor-element-2e2b0cc9\" data-id=\"2e2b0cc9\" data-element_type=\"column\" data-e-type=\"column\">\r\n\t\t\t\t\t<div class=\"elementor-widget-wrap elementor-element-populated\">\r\n\t\t\t\t\t\t\t\t<div class=\"elementor-element elementor-element-1fb944c elementor-widget elementor-widget-image\" data-id=\"1fb944c\" data-element_type=\"widget\" data-e-type=\"widget\" data-widget_type=\"image.default\">\n\t\t\t\t<div class=\"elementor-widget-container\">\n\t\t\t\t\t\t\t\t\t\t\t\t\t\t\t<img decoding=\"async\" width=\"348\" height=\"20\" src=\"https:\/\/demartino.cl\/wp-content\/uploads\/2020\/12\/cellar-collection-titulo.png\" class=\"attachment-large size-large wp-image-9592\" alt=\"\" \/>\t\t\t\t\t\t\t\t\t\t\t\t\t\t\t<\/div>\n\t\t\t\t<\/div>\n\t\t\t\t<div class=\"elementor-element elementor-element-3d8b54f1 elementor-widget-divider--view-line elementor-widget elementor-widget-divider\" data-id=\"3d8b54f1\" data-element_type=\"widget\" data-e-type=\"widget\" data-widget_type=\"divider.default\">\n\t\t\t\t<div class=\"elementor-widget-container\">\n\t\t\t\t\t\t\t<div class=\"elementor-divider\">\n\t\t\t<span class=\"elementor-divider-separator\">\n\t\t\t\t\t\t<\/span>\n\t\t<\/div>\n\t\t\t\t\t\t<\/div>\n\t\t\t\t<\/div>\n\t\t\t\t<div class=\"elementor-element elementor-element-4bc05803 elementor-widget elementor-widget-text-editor\" data-id=\"4bc05803\" data-element_type=\"widget\" data-e-type=\"widget\" data-widget_type=\"text-editor.default\">\n\t\t\t\t<div class=\"elementor-widget-container\">\n\t\t\t\t\t\t\t\t\t<p style=\"font-family: arial; font-weight: 300; color: #857040;\">Vinos de guarda que cada a\u00f1o seleccionamos personalmente de nuestra cava familiar,\nporque consideramos que est\u00e1n listos para ser disfrutados en su plenitud.<\/p>\t\t\t\t\t\t\t\t<\/div>\n\t\t\t\t<\/div>\n\t\t\t\t<section class=\"elementor-section elementor-inner-section elementor-element elementor-element-9c7b936 elementor-section-boxed elementor-section-height-default elementor-section-height-default\" data-id=\"9c7b936\" data-element_type=\"section\" data-e-type=\"section\">\r\n\t\t\r\n\t\t\t\t\t\t\t<div class=\"elementor-container elementor-column-gap-default\">\r\n\t\t\t\t\t\t\t\t\t\t\t<div class=\"elementor-column elementor-col-25 elementor-inner-column elementor-element elementor-element-4f5d4435 animated-fast elementor-invisible\" data-id=\"4f5d4435\" data-element_type=\"column\" data-e-type=\"column\" data-settings=\"{&quot;animation&quot;:&quot;fadeInDown&quot;,&quot;animation_delay&quot;:100}\">\r\n\t\t\t\t\t<div class=\"elementor-widget-wrap elementor-element-populated\">\r\n\t\t\t\t\t\t\t\t<div class=\"elementor-element elementor-element-33cac86 elementor-widget elementor-widget-image\" data-id=\"33cac86\" data-element_type=\"widget\" data-e-type=\"widget\" data-widget_type=\"image.default\">\n\t\t\t\t<div class=\"elementor-widget-container\">\n\t\t\t\t\t\t\t\t\t\t\t\t\t\t\t\t<a href=\"https:\/\/demartino.cl\/producto\/la-aguada-2010\/\">\n\t\t\t\t\t\t\t<img decoding=\"async\" src=\"https:\/\/demartino.cl\/wp-content\/uploads\/elementor\/thumbs\/De-Martino-Cellar-Collection-La-Aguada-2010-Carignan-qjc82z1fkntaumphsdtg9530j9u2tf0tk3ykjy645k.png\" title=\"De Martino Cellar Collection La Aguada 2010 Carignan\" alt=\"De Martino Cellar Collection La Aguada 2010 Carignan\" loading=\"lazy\" \/>\t\t\t\t\t\t\t\t<\/a>\n\t\t\t\t\t\t\t\t\t\t\t\t\t\t\t<\/div>\n\t\t\t\t<\/div>\n\t\t\t\t<div class=\"elementor-element elementor-element-467f502f elementor-widget elementor-widget-image-box\" data-id=\"467f502f\" data-element_type=\"widget\" data-e-type=\"widget\" data-widget_type=\"image-box.default\">\n\t\t\t\t<div class=\"elementor-widget-container\">\n\t\t\t\t\t<div class=\"elementor-image-box-wrapper\"><div class=\"elementor-image-box-content\"><h3 class=\"elementor-image-box-title\"><a href=\"https:\/\/demartino.cl\/producto\/la-aguada-2010\/\">La Aguada<br>2010<\/a><\/h3><p class=\"elementor-image-box-description\">D. O. Valle del Maule<\/p><\/div><\/div>\t\t\t\t<\/div>\n\t\t\t\t<\/div>\n\t\t\t\t\t<\/div>\r\n\t\t\t\t<\/div>\r\n\t\t\t\t<div class=\"elementor-column elementor-col-25 elementor-inner-column elementor-element elementor-element-641a32f0 animated-fast elementor-invisible\" data-id=\"641a32f0\" data-element_type=\"column\" data-e-type=\"column\" data-settings=\"{&quot;animation&quot;:&quot;fadeInDown&quot;,&quot;animation_delay&quot;:100}\">\r\n\t\t\t\t\t<div class=\"elementor-widget-wrap elementor-element-populated\">\r\n\t\t\t\t\t\t\t\t<div class=\"elementor-element elementor-element-69a1b68a elementor-widget elementor-widget-image\" data-id=\"69a1b68a\" data-element_type=\"widget\" data-e-type=\"widget\" data-widget_type=\"image.default\">\n\t\t\t\t<div class=\"elementor-widget-container\">\n\t\t\t\t\t\t\t\t\t\t\t\t\t\t\t\t<a href=\"https:\/\/demartino.cl\/producto\/limavida-2010\/\">\n\t\t\t\t\t\t\t<img decoding=\"async\" src=\"https:\/\/demartino.cl\/wp-content\/uploads\/elementor\/thumbs\/De-Martino-Cellar-Collection-Limavida-2010-Malvec-qjd7zrcd8njgvev3tp4c3est2buuf0almt2r9bccco.png\" title=\"De Martino Cellar Collection Limavida 2010 Malvec\" alt=\"De Martino Cellar Collection Limavida 2010 Malvec\" loading=\"lazy\" \/>\t\t\t\t\t\t\t\t<\/a>\n\t\t\t\t\t\t\t\t\t\t\t\t\t\t\t<\/div>\n\t\t\t\t<\/div>\n\t\t\t\t<div class=\"elementor-element elementor-element-5b6f928d elementor-widget elementor-widget-image-box\" data-id=\"5b6f928d\" data-element_type=\"widget\" data-e-type=\"widget\" data-widget_type=\"image-box.default\">\n\t\t\t\t<div class=\"elementor-widget-container\">\n\t\t\t\t\t<div class=\"elementor-image-box-wrapper\"><div class=\"elementor-image-box-content\"><h3 class=\"elementor-image-box-title\"><a href=\"https:\/\/demartino.cl\/producto\/limavida-2010\/\">Lim\u00e1vida<br>2010<\/a><\/h3><p class=\"elementor-image-box-description\">D. O. Valle del Maule<\/p><\/div><\/div>\t\t\t\t<\/div>\n\t\t\t\t<\/div>\n\t\t\t\t\t<\/div>\r\n\t\t\t\t<\/div>\r\n\t\t\t\t<div class=\"elementor-column elementor-col-25 elementor-inner-column elementor-element elementor-element-3ec5d62e animated-fast elementor-invisible\" data-id=\"3ec5d62e\" data-element_type=\"column\" data-e-type=\"column\" data-settings=\"{&quot;animation&quot;:&quot;fadeInDown&quot;,&quot;animation_delay&quot;:100}\">\r\n\t\t\t\t\t<div class=\"elementor-widget-wrap elementor-element-populated\">\r\n\t\t\t\t\t\t\t\t<div class=\"elementor-element elementor-element-722d14d9 elementor-widget elementor-widget-image\" data-id=\"722d14d9\" data-element_type=\"widget\" data-e-type=\"widget\" data-widget_type=\"image.default\">\n\t\t\t\t<div class=\"elementor-widget-container\">\n\t\t\t\t\t\t\t\t\t\t\t\t\t\t\t\t<a href=\"https:\/\/demartino.cl\/producto\/quebrada-seca-2009\/\">\n\t\t\t\t\t\t\t<img decoding=\"async\" src=\"https:\/\/demartino.cl\/wp-content\/uploads\/elementor\/thumbs\/De-Martino-Cellar-Collection-Quebrada-Seca-2009-Chardonnay-qjc895t6kea9a7pwnk4162v9blc2hol7eqknaizt6w.png\" title=\"De Martino Cellar Collection Quebrada Seca 2009 Chardonnay\" alt=\"De Martino Cellar Collection Quebrada Seca 2009 Chardonnay\" loading=\"lazy\" \/>\t\t\t\t\t\t\t\t<\/a>\n\t\t\t\t\t\t\t\t\t\t\t\t\t\t\t<\/div>\n\t\t\t\t<\/div>\n\t\t\t\t<div class=\"elementor-element elementor-element-55daf38b elementor-widget elementor-widget-image-box\" data-id=\"55daf38b\" data-element_type=\"widget\" data-e-type=\"widget\" data-widget_type=\"image-box.default\">\n\t\t\t\t<div class=\"elementor-widget-container\">\n\t\t\t\t\t<div class=\"elementor-image-box-wrapper\"><div class=\"elementor-image-box-content\"><h3 class=\"elementor-image-box-title\"><a href=\"https:\/\/demartino.cl\/producto\/quebrada-seca-2009\/\">Quebrada<br>Seca 2009<\/a><\/h3><p class=\"elementor-image-box-description\">D. O. Valle del Limar\u00ed<\/p><\/div><\/div>\t\t\t\t<\/div>\n\t\t\t\t<\/div>\n\t\t\t\t\t<\/div>\r\n\t\t\t\t<\/div>\r\n\t\t\t\t<div class=\"elementor-column elementor-col-25 elementor-inner-column elementor-element elementor-element-40c2fde5 animated-fast elementor-invisible\" data-id=\"40c2fde5\" data-element_type=\"column\" data-e-type=\"column\" data-settings=\"{&quot;animation&quot;:&quot;fadeInDown&quot;,&quot;animation_delay&quot;:100}\">\r\n\t\t\t\t\t<div class=\"elementor-widget-wrap elementor-element-populated\">\r\n\t\t\t\t\t\t\t\t<div class=\"elementor-element elementor-element-29da929a elementor-widget elementor-widget-image\" data-id=\"29da929a\" data-element_type=\"widget\" data-e-type=\"widget\" data-widget_type=\"image.default\">\n\t\t\t\t<div class=\"elementor-widget-container\">\n\t\t\t\t\t\t\t\t\t\t\t\t\t\t\t\t<a href=\"https:\/\/demartino.cl\/producto\/viejas-tinajas-2014\/\">\n\t\t\t\t\t\t\t<img decoding=\"async\" src=\"https:\/\/demartino.cl\/wp-content\/uploads\/elementor\/thumbs\/De-Martino-Cellar-Collection-Viejas-Tinajas-2014-Carignan-Cinsault-qjc8cky1foytj4r1ojc5qpsn52h5i161jo195rx8js.png\" title=\"De Martino Cellar Collection Viejas Tinajas 2014 Carignan Cinsault\" alt=\"De Martino Cellar Collection Viejas Tinajas 2014 Carignan Cinsault\" loading=\"lazy\" \/>\t\t\t\t\t\t\t\t<\/a>\n\t\t\t\t\t\t\t\t\t\t\t\t\t\t\t<\/div>\n\t\t\t\t<\/div>\n\t\t\t\t<div class=\"elementor-element elementor-element-16e74bb0 elementor-widget elementor-widget-image-box\" data-id=\"16e74bb0\" data-element_type=\"widget\" data-e-type=\"widget\" data-widget_type=\"image-box.default\">\n\t\t\t\t<div class=\"elementor-widget-container\">\n\t\t\t\t\t<div class=\"elementor-image-box-wrapper\"><div class=\"elementor-image-box-content\"><h3 class=\"elementor-image-box-title\"><a href=\"https:\/\/demartino.cl\/producto\/viejas-tinajas-2014\/\">Viejas Tinajas 2014<\/a><\/h3><p class=\"elementor-image-box-description\">D. O. Valle del Maule<\/p><\/div><\/div>\t\t\t\t<\/div>\n\t\t\t\t<\/div>\n\t\t\t\t\t<\/div>\r\n\t\t\t\t<\/div>\r\n\t\t\t\t\t<\/div>\r\n\t\t\t\t<\/section>\r\n\t\t\t\t<section class=\"elementor-section elementor-inner-section elementor-element elementor-element-4d03fe8d elementor-section-boxed elementor-section-height-default elementor-section-height-default\" data-id=\"4d03fe8d\" data-element_type=\"section\" data-e-type=\"section\">\r\n\t\t\r\n\t\t\t\t\t\t\t<div class=\"elementor-container elementor-column-gap-default\">\r\n\t\t\t\t\t\t\t\t\t\t\t<div class=\"elementor-column elementor-col-25 elementor-inner-column elementor-element elementor-element-249bb5ec animated-fast elementor-invisible\" data-id=\"249bb5ec\" data-element_type=\"column\" data-e-type=\"column\" data-settings=\"{&quot;animation&quot;:&quot;fadeInDown&quot;,&quot;animation_delay&quot;:100}\">\r\n\t\t\t\t\t<div class=\"elementor-widget-wrap elementor-element-populated\">\r\n\t\t\t\t\t\t\t\t<div class=\"elementor-element elementor-element-37fd9111 elementor-widget elementor-widget-image\" data-id=\"37fd9111\" data-element_type=\"widget\" data-e-type=\"widget\" data-widget_type=\"image.default\">\n\t\t\t\t<div class=\"elementor-widget-container\">\n\t\t\t\t\t\t\t\t\t\t\t\t\t\t\t\t<a href=\"https:\/\/demartino.cl\/producto\/armida-2011-cellar\/\">\n\t\t\t\t\t\t\t<img decoding=\"async\" src=\"https:\/\/demartino.cl\/wp-content\/uploads\/elementor\/thumbs\/De-Martino-Cellar-Collection-Armida-2011-Carmenere-qjc809a7tw3hb6nhn7k91tr2r77wkw8qio42n6724o.png\" title=\"De Martino Cellar Collection Armida 2011 Carmenere\" alt=\"De Martino Cellar Collection Armida 2011 Carmenere\" loading=\"lazy\" \/>\t\t\t\t\t\t\t\t<\/a>\n\t\t\t\t\t\t\t\t\t\t\t\t\t\t\t<\/div>\n\t\t\t\t<\/div>\n\t\t\t\t<div class=\"elementor-element elementor-element-49024e7c elementor-widget elementor-widget-image-box\" data-id=\"49024e7c\" data-element_type=\"widget\" data-e-type=\"widget\" data-widget_type=\"image-box.default\">\n\t\t\t\t<div class=\"elementor-widget-container\">\n\t\t\t\t\t<div class=\"elementor-image-box-wrapper\"><div class=\"elementor-image-box-content\"><h3 class=\"elementor-image-box-title\"><a href=\"https:\/\/demartino.cl\/producto\/armida-2011-cellar\/\">Armida<br>2011<\/a><\/h3><p class=\"elementor-image-box-description\">D. O. Valle del Maipo<\/p><\/div><\/div>\t\t\t\t<\/div>\n\t\t\t\t<\/div>\n\t\t\t\t\t<\/div>\r\n\t\t\t\t<\/div>\r\n\t\t\t\t<div class=\"elementor-column elementor-col-25 elementor-inner-column elementor-element elementor-element-55d84ef8 animated-fast elementor-invisible\" data-id=\"55d84ef8\" data-element_type=\"column\" data-e-type=\"column\" data-settings=\"{&quot;animation&quot;:&quot;fadeInDown&quot;,&quot;animation_delay&quot;:100}\">\r\n\t\t\t\t\t<div class=\"elementor-widget-wrap elementor-element-populated\">\r\n\t\t\t\t\t\t\t\t<div class=\"elementor-element elementor-element-15a6807e elementor-hidden-desktop elementor-hidden-tablet elementor-hidden-mobile elementor-widget elementor-widget-image\" data-id=\"15a6807e\" data-element_type=\"widget\" data-e-type=\"widget\" data-widget_type=\"image.default\">\n\t\t\t\t<div class=\"elementor-widget-container\">\n\t\t\t\t\t\t\t\t\t\t\t\t\t\t\t\t<a href=\"https:\/\/demartino.cl\/producto\/limavida-2010\/\">\n\t\t\t\t\t\t\t<img decoding=\"async\" src=\"https:\/\/demartino.cl\/wp-content\/uploads\/elementor\/thumbs\/De-Martino-Limavida-Cellar-Collection-Valle-del-Maule-pryqrb0n1pno318sd7taeho8zvkd0le7fvmrbt4h3c.jpg\" title=\"De Martino Lim\u00e1vida Cellar Collection Valle del Maule\" alt=\"De Martino Lim\u00e1vida Cellar Collection Valle del Maule\" loading=\"lazy\" \/>\t\t\t\t\t\t\t\t<\/a>\n\t\t\t\t\t\t\t\t\t\t\t\t\t\t\t<\/div>\n\t\t\t\t<\/div>\n\t\t\t\t<div class=\"elementor-element elementor-element-6abd2a50 elementor-hidden-desktop elementor-hidden-tablet elementor-hidden-mobile elementor-widget elementor-widget-image-box\" data-id=\"6abd2a50\" data-element_type=\"widget\" data-e-type=\"widget\" data-widget_type=\"image-box.default\">\n\t\t\t\t<div class=\"elementor-widget-container\">\n\t\t\t\t\t<div class=\"elementor-image-box-wrapper\"><div class=\"elementor-image-box-content\"><h3 class=\"elementor-image-box-title\"><a href=\"https:\/\/demartino.cl\/producto\/limavida-2010\/\">Lim\u00e1vida<br>2010<\/a><\/h3><p class=\"elementor-image-box-description\">D. O. Valle del Maule<\/p><\/div><\/div>\t\t\t\t<\/div>\n\t\t\t\t<\/div>\n\t\t\t\t\t<\/div>\r\n\t\t\t\t<\/div>\r\n\t\t\t\t<div class=\"elementor-column elementor-col-25 elementor-inner-column elementor-element elementor-element-5df5148c animated-fast elementor-invisible\" data-id=\"5df5148c\" data-element_type=\"column\" data-e-type=\"column\" data-settings=\"{&quot;animation&quot;:&quot;fadeInDown&quot;,&quot;animation_delay&quot;:100}\">\r\n\t\t\t\t\t<div class=\"elementor-widget-wrap elementor-element-populated\">\r\n\t\t\t\t\t\t\t\t<div class=\"elementor-element elementor-element-aab1c5c elementor-hidden-desktop elementor-hidden-tablet elementor-hidden-mobile elementor-widget elementor-widget-image\" data-id=\"aab1c5c\" data-element_type=\"widget\" data-e-type=\"widget\" data-widget_type=\"image.default\">\n\t\t\t\t<div class=\"elementor-widget-container\">\n\t\t\t\t\t\t\t\t\t\t\t\t\t\t\t\t<a href=\"https:\/\/demartino.cl\/producto\/quebrada-seca-2009\/\">\n\t\t\t\t\t\t\t<img decoding=\"async\" src=\"https:\/\/demartino.cl\/wp-content\/uploads\/elementor\/thumbs\/De-Martino-Quebrada-Seca-Cellar-Collection-Valle-del-Limari-pryqzi5ynovpclc2hre55f6ziv5m5jxx8gh80oyutk.jpg\" title=\"De Martino Quebrada Seca Cellar Collection Valle del Limar\u00ed\" alt=\"De Martino Quebrada Seca Cellar Collection Valle del Limar\u00ed\" loading=\"lazy\" \/>\t\t\t\t\t\t\t\t<\/a>\n\t\t\t\t\t\t\t\t\t\t\t\t\t\t\t<\/div>\n\t\t\t\t<\/div>\n\t\t\t\t<div class=\"elementor-element elementor-element-7d9ed7bf elementor-hidden-desktop elementor-hidden-tablet elementor-hidden-mobile elementor-widget elementor-widget-image-box\" data-id=\"7d9ed7bf\" data-element_type=\"widget\" data-e-type=\"widget\" data-widget_type=\"image-box.default\">\n\t\t\t\t<div class=\"elementor-widget-container\">\n\t\t\t\t\t<div class=\"elementor-image-box-wrapper\"><div class=\"elementor-image-box-content\"><h3 class=\"elementor-image-box-title\"><a href=\"https:\/\/demartino.cl\/producto\/quebrada-seca-2009\/\">Quebrada<br>Seca 2009<\/a><\/h3><p class=\"elementor-image-box-description\">D. O. Valle del Limar\u00ed<\/p><\/div><\/div>\t\t\t\t<\/div>\n\t\t\t\t<\/div>\n\t\t\t\t\t<\/div>\r\n\t\t\t\t<\/div>\r\n\t\t\t\t<div class=\"elementor-column elementor-col-25 elementor-inner-column elementor-element elementor-element-6422c0f4 animated-fast elementor-invisible\" data-id=\"6422c0f4\" data-element_type=\"column\" data-e-type=\"column\" data-settings=\"{&quot;animation&quot;:&quot;fadeInDown&quot;,&quot;animation_delay&quot;:100}\">\r\n\t\t\t\t\t<div class=\"elementor-widget-wrap elementor-element-populated\">\r\n\t\t\t\t\t\t\t\t<div class=\"elementor-element elementor-element-59631d7f elementor-hidden-desktop elementor-hidden-tablet elementor-hidden-mobile elementor-widget elementor-widget-image\" data-id=\"59631d7f\" data-element_type=\"widget\" data-e-type=\"widget\" data-widget_type=\"image.default\">\n\t\t\t\t<div class=\"elementor-widget-container\">\n\t\t\t\t\t\t\t\t\t\t\t\t\t\t\t\t<a href=\"https:\/\/demartino.cl\/producto\/viejas-tinajas-2014\/\">\n\t\t\t\t\t\t\t<img decoding=\"async\" src=\"https:\/\/demartino.cl\/wp-content\/uploads\/elementor\/thumbs\/De-Martino-Viejas-Tinajas-Cellar-Collection-Valle-del-Maule-pryr8axkmuxc16jy42bezp9bppsb7jvgs0buqxx6ko.jpg\" title=\"De Martino Viejas Tinajas Cellar Collection Valle del Maule\" alt=\"De Martino Viejas Tinajas Cellar Collection Valle del Maule\" loading=\"lazy\" \/>\t\t\t\t\t\t\t\t<\/a>\n\t\t\t\t\t\t\t\t\t\t\t\t\t\t\t<\/div>\n\t\t\t\t<\/div>\n\t\t\t\t<div class=\"elementor-element elementor-element-7db2da9e elementor-hidden-desktop elementor-hidden-tablet elementor-hidden-mobile elementor-widget elementor-widget-image-box\" data-id=\"7db2da9e\" data-element_type=\"widget\" data-e-type=\"widget\" data-widget_type=\"image-box.default\">\n\t\t\t\t<div class=\"elementor-widget-container\">\n\t\t\t\t\t<div class=\"elementor-image-box-wrapper\"><div class=\"elementor-image-box-content\"><h3 class=\"elementor-image-box-title\"><a href=\"https:\/\/demartino.cl\/producto\/viejas-tinajas-2014\/\">Viejas Tinajas 2014<\/a><\/h3><p class=\"elementor-image-box-description\">D. O. Valle del Maule<\/p><\/div><\/div>\t\t\t\t<\/div>\n\t\t\t\t<\/div>\n\t\t\t\t\t<\/div>\r\n\t\t\t\t<\/div>\r\n\t\t\t\t\t<\/div>\r\n\t\t\t\t<\/section>\r\n\t\t\t\t\t<\/div>\r\n\t\t\t\t<\/div>\r\n\t\t\t\t\t<\/div>\r\n\t\t\t\t<\/section>\r\n\t\t\t\t<\/div>\n\t\t","protected":false},"excerpt":{"rendered":"<p>Vinos de guarda que cada a\u00f1o seleccionamos personalmente de nuestra cava familiar, porque consideramos que est\u00e1n listos para ser disfrutados en su plenitud. La Aguada2010 D. O. Valle del Maule Lim\u00e1vida2010 D. O. Valle del Maule QuebradaSeca 2009 D. O. Valle del Limar\u00ed Viejas Tinajas 2014 D. O. Valle del Maule Armida2011 D. O. Valle [&hellip;]<\/p>\n","protected":false},"author":4,"featured_media":0,"parent":0,"menu_order":0,"comment_status":"closed","ping_status":"closed","template":"","meta":{"_acf_changed":false,"footnotes":""},"class_list":["post-5442","page","type-page","status-publish","hentry"],"acf":[],"yoast_head":"<!-- This site is optimized with the Yoast SEO plugin v26.0 - https:\/\/yoast.com\/wordpress\/plugins\/seo\/ -->\n<title>Cellar Collection EN - De Martino<\/title>\n<meta name=\"robots\" content=\"index, follow, max-snippet:-1, max-image-preview:large, max-video-preview:-1\" \/>\n<link rel=\"canonical\" href=\"https:\/\/demartino.cl\/en\/cellar-collection-en\/\" \/>\n<meta property=\"og:locale\" content=\"en_US\" \/>\n<meta property=\"og:type\" content=\"article\" \/>\n<meta property=\"og:title\" content=\"Cellar Collection EN - De Martino\" \/>\n<meta property=\"og:description\" content=\"Vinos de guarda que cada a\u00f1o seleccionamos personalmente de nuestra cava familiar, porque consideramos que est\u00e1n listos para ser disfrutados en su plenitud. La Aguada2010 D. O. Valle del Maule Lim\u00e1vida2010 D. O. Valle del Maule QuebradaSeca 2009 D. O. Valle del Limar\u00ed Viejas Tinajas 2014 D. O. Valle del Maule Armida2011 D. O. Valle [&hellip;]\" \/>\n<meta property=\"og:url\" content=\"https:\/\/demartino.cl\/en\/cellar-collection-en\/\" \/>\n<meta property=\"og:site_name\" content=\"De Martino\" \/>\n<meta property=\"article:modified_time\" content=\"2024-02-13T19:41:39+00:00\" \/>\n<meta property=\"og:image\" content=\"https:\/\/demartino.cl\/wp-content\/uploads\/2020\/12\/cellar-collection-titulo.png\" \/>\n<meta name=\"twitter:card\" content=\"summary_large_image\" \/>\n<meta name=\"twitter:label1\" content=\"Est. reading time\" \/>\n\t<meta name=\"twitter:data1\" content=\"3 minutes\" \/>\n<script type=\"application\/ld+json\" class=\"yoast-schema-graph\">{\"@context\":\"https:\/\/schema.org\",\"@graph\":[{\"@type\":\"WebPage\",\"@id\":\"https:\/\/demartino.cl\/en\/cellar-collection-en\/\",\"url\":\"https:\/\/demartino.cl\/en\/cellar-collection-en\/\",\"name\":\"Cellar Collection EN - De Martino\",\"isPartOf\":{\"@id\":\"https:\/\/demartino.cl\/en\/#website\"},\"primaryImageOfPage\":{\"@id\":\"https:\/\/demartino.cl\/en\/cellar-collection-en\/#primaryimage\"},\"image\":{\"@id\":\"https:\/\/demartino.cl\/en\/cellar-collection-en\/#primaryimage\"},\"thumbnailUrl\":\"https:\/\/demartino.cl\/wp-content\/uploads\/2020\/12\/cellar-collection-titulo.png\",\"datePublished\":\"2020-05-13T14:21:58+00:00\",\"dateModified\":\"2024-02-13T19:41:39+00:00\",\"breadcrumb\":{\"@id\":\"https:\/\/demartino.cl\/en\/cellar-collection-en\/#breadcrumb\"},\"inLanguage\":\"en-US\",\"potentialAction\":[{\"@type\":\"ReadAction\",\"target\":[\"https:\/\/demartino.cl\/en\/cellar-collection-en\/\"]}]},{\"@type\":\"ImageObject\",\"inLanguage\":\"en-US\",\"@id\":\"https:\/\/demartino.cl\/en\/cellar-collection-en\/#primaryimage\",\"url\":\"https:\/\/demartino.cl\/wp-content\/uploads\/2020\/12\/cellar-collection-titulo.png\",\"contentUrl\":\"https:\/\/demartino.cl\/wp-content\/uploads\/2020\/12\/cellar-collection-titulo.png\"},{\"@type\":\"BreadcrumbList\",\"@id\":\"https:\/\/demartino.cl\/en\/cellar-collection-en\/#breadcrumb\",\"itemListElement\":[{\"@type\":\"ListItem\",\"position\":1,\"name\":\"Portada\",\"item\":\"https:\/\/demartino.cl\/\"},{\"@type\":\"ListItem\",\"position\":2,\"name\":\"Cellar Collection EN\"}]},{\"@type\":\"WebSite\",\"@id\":\"https:\/\/demartino.cl\/en\/#website\",\"url\":\"https:\/\/demartino.cl\/en\/\",\"name\":\"De Martino\",\"description\":\"Vinos\",\"potentialAction\":[{\"@type\":\"SearchAction\",\"target\":{\"@type\":\"EntryPoint\",\"urlTemplate\":\"https:\/\/demartino.cl\/en\/?s={search_term_string}\"},\"query-input\":{\"@type\":\"PropertyValueSpecification\",\"valueRequired\":true,\"valueName\":\"search_term_string\"}}],\"inLanguage\":\"en-US\"}]}<\/script>\n<!-- \/ Yoast SEO plugin. -->","yoast_head_json":{"title":"Cellar Collection EN - De Martino","robots":{"index":"index","follow":"follow","max-snippet":"max-snippet:-1","max-image-preview":"max-image-preview:large","max-video-preview":"max-video-preview:-1"},"canonical":"https:\/\/demartino.cl\/en\/cellar-collection-en\/","og_locale":"en_US","og_type":"article","og_title":"Cellar Collection EN - De Martino","og_description":"Vinos de guarda que cada a\u00f1o seleccionamos personalmente de nuestra cava familiar, porque consideramos que est\u00e1n listos para ser disfrutados en su plenitud. La Aguada2010 D. O. Valle del Maule Lim\u00e1vida2010 D. O. Valle del Maule QuebradaSeca 2009 D. O. Valle del Limar\u00ed Viejas Tinajas 2014 D. O. Valle del Maule Armida2011 D. O. Valle [&hellip;]","og_url":"https:\/\/demartino.cl\/en\/cellar-collection-en\/","og_site_name":"De Martino","article_modified_time":"2024-02-13T19:41:39+00:00","og_image":[{"url":"https:\/\/demartino.cl\/wp-content\/uploads\/2020\/12\/cellar-collection-titulo.png","type":"","width":"","height":""}],"twitter_card":"summary_large_image","twitter_misc":{"Est. reading time":"3 minutes"},"schema":{"@context":"https:\/\/schema.org","@graph":[{"@type":"WebPage","@id":"https:\/\/demartino.cl\/en\/cellar-collection-en\/","url":"https:\/\/demartino.cl\/en\/cellar-collection-en\/","name":"Cellar Collection EN - De Martino","isPartOf":{"@id":"https:\/\/demartino.cl\/en\/#website"},"primaryImageOfPage":{"@id":"https:\/\/demartino.cl\/en\/cellar-collection-en\/#primaryimage"},"image":{"@id":"https:\/\/demartino.cl\/en\/cellar-collection-en\/#primaryimage"},"thumbnailUrl":"https:\/\/demartino.cl\/wp-content\/uploads\/2020\/12\/cellar-collection-titulo.png","datePublished":"2020-05-13T14:21:58+00:00","dateModified":"2024-02-13T19:41:39+00:00","breadcrumb":{"@id":"https:\/\/demartino.cl\/en\/cellar-collection-en\/#breadcrumb"},"inLanguage":"en-US","potentialAction":[{"@type":"ReadAction","target":["https:\/\/demartino.cl\/en\/cellar-collection-en\/"]}]},{"@type":"ImageObject","inLanguage":"en-US","@id":"https:\/\/demartino.cl\/en\/cellar-collection-en\/#primaryimage","url":"https:\/\/demartino.cl\/wp-content\/uploads\/2020\/12\/cellar-collection-titulo.png","contentUrl":"https:\/\/demartino.cl\/wp-content\/uploads\/2020\/12\/cellar-collection-titulo.png"},{"@type":"BreadcrumbList","@id":"https:\/\/demartino.cl\/en\/cellar-collection-en\/#breadcrumb","itemListElement":[{"@type":"ListItem","position":1,"name":"Portada","item":"https:\/\/demartino.cl\/"},{"@type":"ListItem","position":2,"name":"Cellar Collection EN"}]},{"@type":"WebSite","@id":"https:\/\/demartino.cl\/en\/#website","url":"https:\/\/demartino.cl\/en\/","name":"De Martino","description":"Vinos","potentialAction":[{"@type":"SearchAction","target":{"@type":"EntryPoint","urlTemplate":"https:\/\/demartino.cl\/en\/?s={search_term_string}"},"query-input":{"@type":"PropertyValueSpecification","valueRequired":true,"valueName":"search_term_string"}}],"inLanguage":"en-US"}]}},"_links":{"self":[{"href":"https:\/\/demartino.cl\/en\/wp-json\/wp\/v2\/pages\/5442","targetHints":{"allow":["GET"]}}],"collection":[{"href":"https:\/\/demartino.cl\/en\/wp-json\/wp\/v2\/pages"}],"about":[{"href":"https:\/\/demartino.cl\/en\/wp-json\/wp\/v2\/types\/page"}],"author":[{"embeddable":true,"href":"https:\/\/demartino.cl\/en\/wp-json\/wp\/v2\/users\/4"}],"replies":[{"embeddable":true,"href":"https:\/\/demartino.cl\/en\/wp-json\/wp\/v2\/comments?post=5442"}],"version-history":[{"count":14,"href":"https:\/\/demartino.cl\/en\/wp-json\/wp\/v2\/pages\/5442\/revisions"}],"predecessor-version":[{"id":11673,"href":"https:\/\/demartino.cl\/en\/wp-json\/wp\/v2\/pages\/5442\/revisions\/11673"}],"wp:attachment":[{"href":"https:\/\/demartino.cl\/en\/wp-json\/wp\/v2\/media?parent=5442"}],"curies":[{"name":"wp","href":"https:\/\/api.w.org\/{rel}","templated":true}]}}