{"id":5296,"date":"2022-07-13T18:13:19","date_gmt":"2022-07-13T22:13:19","guid":{"rendered":"https:\/\/demartino.cl\/?page_id=5296"},"modified":"2023-09-06T19:46:02","modified_gmt":"2023-09-06T22:46:02","slug":"selling-policies","status":"publish","type":"page","link":"https:\/\/demartino.cl\/en\/selling-policies\/","title":{"rendered":"Selling Policies"},"content":{"rendered":"\t\t<div data-elementor-type=\"wp-page\" data-elementor-id=\"5296\" class=\"elementor elementor-5296 elementor-3704\">\n\t\t\t\t\t\t<section class=\"porto-full-no-gap elementor-section elementor-top-section elementor-element elementor-element-7d558ed6 elementor-section-full_width elementor-section-content-middle elementor-section-height-default elementor-section-height-default\" data-id=\"7d558ed6\" data-element_type=\"section\" data-e-type=\"section\" data-settings=\"{&quot;background_background&quot;:&quot;classic&quot;}\">\r\n\t\t\r\n\t\t\t\t\t\t\t<div class=\"elementor-container elementor-column-gap-no\">\r\n\t\t\t\t\t\t\t\t\t\t\t<div class=\"elementor-column elementor-col-50 elementor-top-column elementor-element elementor-element-774e5e0a\" data-id=\"774e5e0a\" data-element_type=\"column\" data-e-type=\"column\" data-settings=\"{&quot;background_background&quot;:&quot;classic&quot;}\">\r\n\t\t\t\t\t<div class=\"elementor-widget-wrap elementor-element-populated\">\r\n\t\t\t\t\t<div class=\"elementor-background-overlay\"><\/div>\r\n\t\t\t\t\t\t\t\t<div class=\"elementor-element elementor-element-7da60706 elementor-widget elementor-widget-heading\" data-id=\"7da60706\" data-element_type=\"widget\" data-e-type=\"widget\" data-widget_type=\"heading.default\">\n\t\t\t\t<div class=\"elementor-widget-container\">\n\t\t\t\t\t<h4 class=\"elementor-heading-title elementor-size-default\">Selling Policies<\/h4>\t\t\t\t<\/div>\n\t\t\t\t<\/div>\n\t\t\t\t\t<\/div>\r\n\t\t\t\t<\/div>\r\n\t\t\t\t<div class=\"elementor-column elementor-col-50 elementor-top-column elementor-element elementor-element-72e55259\" data-id=\"72e55259\" data-element_type=\"column\" data-e-type=\"column\">\r\n\t\t\t\t\t<div class=\"elementor-widget-wrap elementor-element-populated\">\r\n\t\t\t\t\t\t\t\t<div class=\"elementor-element elementor-element-7639af7 elementor-widget elementor-widget-text-editor\" data-id=\"7639af7\" data-element_type=\"widget\" data-e-type=\"widget\" data-widget_type=\"text-editor.default\">\n\t\t\t\t<div class=\"elementor-widget-container\">\n\t\t\t\t\t\t\t\t\t<p>1. The sale is restricted to people over 18 years of age.<\/p>\n<p>2. Minimum purchase of $24,000.- pesos.<\/p>\n<p>3. Prices include VAT and ILA taxes.<\/p>\n<p>4, Payment Methods: Transfer, Webpay.<\/p>\n<p>5. Service only within the Metropolitan Region to the following districts: Buin, Calera de Tango, Cerrillos, Cerro Navia, Chicureo, Conchal\u00ed, El Bosque, El Monte, Central Station, Huechuraba, Independencia, Isla de Maipo, La Cisterna, La Florida, La Granja, La Reina, Las Condes, Lo Barnechea, Lo Espejo, Lo Prado, Macul, Maip\u00fa, Nu\u00f1oa, Padre Hurtado, Paine, Pedro Aguirre Cerda, Pe\u00f1aflor, Pe\u00f1alol\u00e9n, Providencia, Pudahuel, Quilicura, Quinta Normal, Recoleta, Renca, San Bernardo, San Joaquin, San Miguel, San Ram\u00f3n, Santiago Centro, Talagante, Vitacura.<\/p>\n<p>6. Dispatches at no cost to the communes mentioned in the previous point.<\/p>\n<p>7. The office is made on Tuesdays and Fridays, in order of arrival of the orders.<\/p>\n<p>For special sales, and if necessary, Vi\u00f1a De Martino may deliver other days of the week as well.<\/p>\n<p>8. For shipping to regions or other communes not included in point 5, please contact wineshop@demartinolo lamar at (56-2) 2577 8836.<\/p>\n<p>9. The cost of dispatch to regions or communes not mentioned in point 5, is paid by the buyer. The value will be quoted at the time of the order and will be included in the amount of the transfer to be made, prior agreement between the pairs.<\/p>\t\t\t\t\t\t\t\t<\/div>\n\t\t\t\t<\/div>\n\t\t\t\t<div class=\"elementor-element elementor-element-a19f29d elementor-widget elementor-widget-text-editor\" data-id=\"a19f29d\" data-element_type=\"widget\" data-e-type=\"widget\" data-widget_type=\"text-editor.default\">\n\t\t\t\t<div class=\"elementor-widget-container\">\n\t\t\t\t\t\t\t\t\t<p>It is a long established fact that a reader will be distracted by the readable content of a page when looking at its layout. The point of using Lorem Ipsum is that it has a more-or-less normal distribution of letters, as opposed to using &#8216;Content here<\/p>\t\t\t\t\t\t\t\t<\/div>\n\t\t\t\t<\/div>\n\t\t\t\t\t<\/div>\r\n\t\t\t\t<\/div>\r\n\t\t\t\t\t<\/div>\r\n\t\t\t\t<\/section>\r\n\t\t\t\t<\/div>\n\t\t","protected":false},"excerpt":{"rendered":"<p>Selling Policies 1. The sale is restricted to people over 18 years of age. 2. Minimum purchase of $24,000.- pesos. 3. Prices include VAT and ILA taxes. 4, Payment Methods: Transfer, Webpay. 5. Service only within the Metropolitan Region to the following districts: Buin, Calera de Tango, Cerrillos, Cerro Navia, Chicureo, Conchal\u00ed, El Bosque, El [&hellip;]<\/p>\n","protected":false},"author":4,"featured_media":0,"parent":0,"menu_order":0,"comment_status":"closed","ping_status":"closed","template":"","meta":{"_acf_changed":false,"footnotes":""},"class_list":["post-5296","page","type-page","status-publish","hentry"],"acf":[],"yoast_head":"<!-- This site is optimized with the Yoast SEO plugin v26.0 - https:\/\/yoast.com\/wordpress\/plugins\/seo\/ -->\n<title>Selling Policies - De Martino<\/title>\n<meta name=\"robots\" content=\"index, follow, max-snippet:-1, max-image-preview:large, max-video-preview:-1\" \/>\n<link rel=\"canonical\" href=\"https:\/\/demartino.cl\/en\/selling-policies\/\" \/>\n<meta property=\"og:locale\" content=\"en_US\" \/>\n<meta property=\"og:type\" content=\"article\" \/>\n<meta property=\"og:title\" content=\"Selling Policies - De Martino\" \/>\n<meta property=\"og:description\" content=\"Selling Policies 1. The sale is restricted to people over 18 years of age. 2. Minimum purchase of $24,000.- pesos. 3. Prices include VAT and ILA taxes. 4, Payment Methods: Transfer, Webpay. 5. Service only within the Metropolitan Region to the following districts: Buin, Calera de Tango, Cerrillos, Cerro Navia, Chicureo, Conchal\u00ed, El Bosque, El [&hellip;]\" \/>\n<meta property=\"og:url\" content=\"https:\/\/demartino.cl\/en\/selling-policies\/\" \/>\n<meta property=\"og:site_name\" content=\"De Martino\" \/>\n<meta property=\"article:modified_time\" content=\"2023-09-06T22:46:02+00:00\" \/>\n<meta name=\"twitter:card\" content=\"summary_large_image\" \/>\n<meta name=\"twitter:label1\" content=\"Est. reading time\" \/>\n\t<meta name=\"twitter:data1\" content=\"2 minutes\" \/>\n<script type=\"application\/ld+json\" class=\"yoast-schema-graph\">{\"@context\":\"https:\/\/schema.org\",\"@graph\":[{\"@type\":\"WebPage\",\"@id\":\"https:\/\/demartino.cl\/en\/selling-policies\/\",\"url\":\"https:\/\/demartino.cl\/en\/selling-policies\/\",\"name\":\"Selling Policies - De Martino\",\"isPartOf\":{\"@id\":\"https:\/\/demartino.cl\/en\/#website\"},\"datePublished\":\"2022-07-13T22:13:19+00:00\",\"dateModified\":\"2023-09-06T22:46:02+00:00\",\"breadcrumb\":{\"@id\":\"https:\/\/demartino.cl\/en\/selling-policies\/#breadcrumb\"},\"inLanguage\":\"en-US\",\"potentialAction\":[{\"@type\":\"ReadAction\",\"target\":[\"https:\/\/demartino.cl\/en\/selling-policies\/\"]}]},{\"@type\":\"BreadcrumbList\",\"@id\":\"https:\/\/demartino.cl\/en\/selling-policies\/#breadcrumb\",\"itemListElement\":[{\"@type\":\"ListItem\",\"position\":1,\"name\":\"Portada\",\"item\":\"https:\/\/demartino.cl\/\"},{\"@type\":\"ListItem\",\"position\":2,\"name\":\"Selling Policies\"}]},{\"@type\":\"WebSite\",\"@id\":\"https:\/\/demartino.cl\/en\/#website\",\"url\":\"https:\/\/demartino.cl\/en\/\",\"name\":\"De Martino\",\"description\":\"Vinos\",\"potentialAction\":[{\"@type\":\"SearchAction\",\"target\":{\"@type\":\"EntryPoint\",\"urlTemplate\":\"https:\/\/demartino.cl\/en\/?s={search_term_string}\"},\"query-input\":{\"@type\":\"PropertyValueSpecification\",\"valueRequired\":true,\"valueName\":\"search_term_string\"}}],\"inLanguage\":\"en-US\"}]}<\/script>\n<!-- \/ Yoast SEO plugin. -->","yoast_head_json":{"title":"Selling Policies - De Martino","robots":{"index":"index","follow":"follow","max-snippet":"max-snippet:-1","max-image-preview":"max-image-preview:large","max-video-preview":"max-video-preview:-1"},"canonical":"https:\/\/demartino.cl\/en\/selling-policies\/","og_locale":"en_US","og_type":"article","og_title":"Selling Policies - De Martino","og_description":"Selling Policies 1. The sale is restricted to people over 18 years of age. 2. Minimum purchase of $24,000.- pesos. 3. Prices include VAT and ILA taxes. 4, Payment Methods: Transfer, Webpay. 5. Service only within the Metropolitan Region to the following districts: Buin, Calera de Tango, Cerrillos, Cerro Navia, Chicureo, Conchal\u00ed, El Bosque, El [&hellip;]","og_url":"https:\/\/demartino.cl\/en\/selling-policies\/","og_site_name":"De Martino","article_modified_time":"2023-09-06T22:46:02+00:00","twitter_card":"summary_large_image","twitter_misc":{"Est. reading time":"2 minutes"},"schema":{"@context":"https:\/\/schema.org","@graph":[{"@type":"WebPage","@id":"https:\/\/demartino.cl\/en\/selling-policies\/","url":"https:\/\/demartino.cl\/en\/selling-policies\/","name":"Selling Policies - De Martino","isPartOf":{"@id":"https:\/\/demartino.cl\/en\/#website"},"datePublished":"2022-07-13T22:13:19+00:00","dateModified":"2023-09-06T22:46:02+00:00","breadcrumb":{"@id":"https:\/\/demartino.cl\/en\/selling-policies\/#breadcrumb"},"inLanguage":"en-US","potentialAction":[{"@type":"ReadAction","target":["https:\/\/demartino.cl\/en\/selling-policies\/"]}]},{"@type":"BreadcrumbList","@id":"https:\/\/demartino.cl\/en\/selling-policies\/#breadcrumb","itemListElement":[{"@type":"ListItem","position":1,"name":"Portada","item":"https:\/\/demartino.cl\/"},{"@type":"ListItem","position":2,"name":"Selling Policies"}]},{"@type":"WebSite","@id":"https:\/\/demartino.cl\/en\/#website","url":"https:\/\/demartino.cl\/en\/","name":"De Martino","description":"Vinos","potentialAction":[{"@type":"SearchAction","target":{"@type":"EntryPoint","urlTemplate":"https:\/\/demartino.cl\/en\/?s={search_term_string}"},"query-input":{"@type":"PropertyValueSpecification","valueRequired":true,"valueName":"search_term_string"}}],"inLanguage":"en-US"}]}},"_links":{"self":[{"href":"https:\/\/demartino.cl\/en\/wp-json\/wp\/v2\/pages\/5296","targetHints":{"allow":["GET"]}}],"collection":[{"href":"https:\/\/demartino.cl\/en\/wp-json\/wp\/v2\/pages"}],"about":[{"href":"https:\/\/demartino.cl\/en\/wp-json\/wp\/v2\/types\/page"}],"author":[{"embeddable":true,"href":"https:\/\/demartino.cl\/en\/wp-json\/wp\/v2\/users\/4"}],"replies":[{"embeddable":true,"href":"https:\/\/demartino.cl\/en\/wp-json\/wp\/v2\/comments?post=5296"}],"version-history":[{"count":5,"href":"https:\/\/demartino.cl\/en\/wp-json\/wp\/v2\/pages\/5296\/revisions"}],"predecessor-version":[{"id":10254,"href":"https:\/\/demartino.cl\/en\/wp-json\/wp\/v2\/pages\/5296\/revisions\/10254"}],"wp:attachment":[{"href":"https:\/\/demartino.cl\/en\/wp-json\/wp\/v2\/media?parent=5296"}],"curies":[{"name":"wp","href":"https:\/\/api.w.org\/{rel}","templated":true}]}}